{"id":22174,"date":"2025-11-25T18:29:35","date_gmt":"2025-11-25T17:29:35","guid":{"rendered":"https:\/\/www.bazaroslavany.cz\/?page_id=22174"},"modified":"2026-02-06T01:41:49","modified_gmt":"2026-02-06T00:41:49","slug":"nabizim","status":"publish","type":"page","link":"https:\/\/www.bazaroslavany.cz\/?page_id=22174","title":{"rendered":"Nab\u00edz\u00edm.."},"content":{"rendered":"<p style=\"text-align: center;\"><span style=\"font-family: arial black, sans-serif; color: #ff0000; font-size: 28px;\"><strong><span style=\"text-decoration: underline;\">Co V\u00e1m m\u016f\u017eeme s kolegy nab\u00eddnout&#8230;<\/span><\/strong><\/span><\/p>\n<p style=\"text-align: center;\">&nbsp;<span style=\"text-decoration: underline; font-size: 20px; color: #ff0000;\"><strong>P\u0159\u00edprava a zhotobven\u00ed WEB str\u00e1nek a E-Shop\u016f dle va\u0161eho p\u0159\u00e1n\u00ed a zad\u00e1n\u00ed &#8211; v\u010detn\u011b poskytnut\u00ed kompletn\u00edho WEB-Hostingu a MAIL-Hostingu.<\/strong><\/span><\/p>\n<p><strong>Nic nen\u00ed one-man-show, ka\u017ed\u00fd z n\u00e1s m\u00e1 dlouholet\u00e9 zku\u0161enosti a praxi, vz\u00e1jemn\u011b se dopl\u0148ujeme. Dohromady s p\u0159\u00e1teli jsme spole\u010denstv\u00edm dlouholet\u00fdch koleg\u016f v oboru. Dle Va\u0161eho zad\u00e1n\u00ed pro V\u00e1s vytvo\u0159\u00edme na kl\u00ed\u010d Va\u0161e WEB str\u00e1nky nebo E-Shopy. N\u00e1vrh zpracujeme kompletn\u011b a na kl\u00ed\u010d, to znamen\u00e1 v\u010detn\u011b registrace V\u00e1mi vybran\u00e9ho dom\u00e9nov\u00e9ho n\u00e1zvu, instalace a konfigurace redak\u010dn\u00edho syst\u00e9mu WordPress (um\u00ed profesion\u00e1ln\u00ed WEB i E-Shop v\u010detn\u011b komplexn\u00ed administrace pro jeho ovl\u00e1d\u00e1n\u00ed a spr\u00e1vu, propojen\u00ed s Va\u0161\u00edm \u00fa\u010detnictv\u00edm nebo skladov\u00fdm hospod\u00e1\u0159stv\u00edm). Pr\u00e1ci m\u016f\u017eeme s kolegy dle Va\u0161eho p\u0159\u00e1n\u00ed prov\u00e9st kompletn\u011b a na kl\u00ed\u010d v\u010detn\u011b grafick\u00e9ho n\u00e1vrhu designu a napln\u011bn\u00ed Va\u0161imy texty nebo zbo\u017e\u00edm. N\u00e1sledn\u011b m\u016f\u017eeme pro\u0161kolit obsluhu. Samoz\u0159ejmost\u00ed je i kompletn\u00ed provoz na na\u0161ich vlastn\u00edch serverech, nep\u0159etr\u017eit\u011b a v\u017edy po celou dobu, kterou si zvol\u00edite, nebo V\u00e1mi zvolen\u00e9 obdob\u00ed.<\/strong><\/p>\n<p><strong>Rovn\u011b\u017e nen\u00ed probl\u00e9m p\u0159en\u00e9st Va\u0161e ji\u017e st\u00e1vaj\u00edc\u00ed WEBy a E-Shopy na na\u0161e hostingov\u00e9 servery. Sou\u010d\u00e1st\u00ed nab\u00eddky je i kompletn\u00ed e-mailov\u00e9 \u0159e\u0161en\u00ed i pro velmi rozs\u00e1hl\u00e9 projekty. V\u017edy po d\u016fkladn\u00e9m auditu &#8211; st\u00e1vaj\u00edc\u00edho stavu a vz\u00e1jemn\u00e9 dohod\u011b.<\/strong><\/p>\n<p style=\"text-align: center;\"><span style=\"color: #ff0000;\"><strong>V p\u0159\u00edpad\u011b z\u00e1jmu pi\u0161te na e-mail info@bazaroslavany nebo volejte na +420 723 078 380 (od 09:00 do 18:00).<\/strong><\/span><\/p>\n<p style=\"text-align: center;\"><span style=\"text-decoration: underline;\"><span style=\"font-size: 16px; color: #ff0000;\"><strong>RECENZE &#8211; N\u011bco m\u00e1lo z mnoha realizovan\u00fdch projekt\u016f&#8230;<\/strong><\/span><\/span><\/p>\n<p>&nbsp;<\/p>\n<p style=\"text-align: center;\"><span style=\"text-decoration: underline; color: #ff0000;\"><span style=\"font-size: 20px;\"><strong>V\u00fdroba plastov\u00fdch model\u016f a v\u00fdrobk\u016f na velkoform\u00e1tov\u00e9 3D Tisk\u00e1rn\u011b.<\/strong><\/span><\/span><\/p>\n<p><strong>Tvorba a v\u00fdroba r\u016fzn\u00fdch v\u011bc\u00ed a model\u016f na velkoform\u00e1tov\u00e9 3D Tisk\u00e1rn\u011b <span style=\"color: #0000ff;\"><a style=\"color: #0000ff;\" href=\"https:\/\/store.anycubic.com\/products\/anycubic-predator-fdm-printer\">ANYCUBIC PREDATOR<\/a><\/span> , fantazii se meze nekladou, hlavn\u011b mnoho v\u011bc\u00ed a n\u00e1vrh\u016f ji\u017e bylo vymy\u0161leno, tak\u017ee nen\u00ed pot\u0159eba n\u011bco skenovat, malovat nebo slo\u017eit\u011b modelovat, sta\u010d\u00ed se jen zeptat a nebo hledat na t\u011bchto st\u011b\u017eejn\u00edch zdroj\u00edch a port\u00e1lech.<\/strong><\/p>\n<p style=\"text-align: center;\"><strong>(<span style=\"color: #0000ff;\"><a style=\"color: #0000ff;\" href=\"https:\/\/www.thingiverse.com\/\">WWW.THINGIVERSE.COM<\/a><\/span>&nbsp; <\/strong>+<strong>&nbsp; <span style=\"color: #0000ff;\"><a style=\"color: #0000ff;\" href=\"https:\/\/cults3d.com\/\">CULTS3D.COM<\/a><\/span>)<\/strong><\/p>\n<p>&nbsp;<\/p>\n<p style=\"text-align: center;\"><span style=\"text-decoration: underline; color: #ff0000;\"><span style=\"font-size: 20px;\"><strong>V\u00fdroba grav\u00edrov\u00e1n\u00edm a \u0159ez\u00e1n\u00edm na Laserov\u00e9 Grav\u00edrce ORTUR Laser Master 3.&nbsp;<\/strong><\/span><\/span><\/p>\n","protected":false},"excerpt":{"rendered":"<p>Co V\u00e1m m\u016f\u017eeme s kolegy nab\u00eddnout&#8230; &nbsp;P\u0159\u00edprava a zhotobven\u00ed WEB str\u00e1nek a E-Shop\u016f dle va\u0161eho p\u0159\u00e1n\u00ed a zad\u00e1n\u00ed &#8211; v\u010detn\u011b poskytnut\u00ed kompletn\u00edho WEB-Hostingu a MAIL-Hostingu.&hellip;<\/p>\n","protected":false},"author":1,"featured_media":0,"parent":0,"menu_order":0,"comment_status":"closed","ping_status":"closed","template":"","meta":{"ngg_post_thumbnail":0,"footnotes":""},"class_list":["post-22174","page","type-page","status-publish","hentry"],"_links":{"self":[{"href":"https:\/\/www.bazaroslavany.cz\/index.php?rest_route=\/wp\/v2\/pages\/22174","targetHints":{"allow":["GET"]}}],"collection":[{"href":"https:\/\/www.bazaroslavany.cz\/index.php?rest_route=\/wp\/v2\/pages"}],"about":[{"href":"https:\/\/www.bazaroslavany.cz\/index.php?rest_route=\/wp\/v2\/types\/page"}],"author":[{"embeddable":true,"href":"https:\/\/www.bazaroslavany.cz\/index.php?rest_route=\/wp\/v2\/users\/1"}],"replies":[{"embeddable":true,"href":"https:\/\/www.bazaroslavany.cz\/index.php?rest_route=%2Fwp%2Fv2%2Fcomments&post=22174"}],"version-history":[{"count":20,"href":"https:\/\/www.bazaroslavany.cz\/index.php?rest_route=\/wp\/v2\/pages\/22174\/revisions"}],"predecessor-version":[{"id":22847,"href":"https:\/\/www.bazaroslavany.cz\/index.php?rest_route=\/wp\/v2\/pages\/22174\/revisions\/22847"}],"wp:attachment":[{"href":"https:\/\/www.bazaroslavany.cz\/index.php?rest_route=%2Fwp%2Fv2%2Fmedia&parent=22174"}],"curies":[{"name":"wp","href":"https:\/\/api.w.org\/{rel}","templated":true}]}}