{"id":10179,"date":"2022-07-17T15:18:40","date_gmt":"2022-07-17T13:18:40","guid":{"rendered":"https:\/\/www.bazaroslavany.cz\/?post_type=product&#038;p=10179"},"modified":"2023-10-05T15:39:45","modified_gmt":"2023-10-05T13:39:45","slug":"teleskop-selfie-tyc-yunteng-bluetooth-ovladac","status":"publish","type":"product","link":"https:\/\/www.bazaroslavany.cz\/?product=teleskop-selfie-tyc-yunteng-bluetooth-ovladac","title":{"rendered":"Teleskop. selfie ty\u010d Yunteng bluetooth ovlada\u010d."},"content":{"rendered":"<p><strong>Teleskoick\u00e1 selfie ty\u010d Yunteng 1288 s bluetooth ovlada\u010dem.<\/strong><br \/>\n<strong>D\u00edky snadno nastaviteln\u00e9 d\u00e9lce pomoc\u00ed areta\u010dn\u00edch sv\u011brek lze rozt\u00e1hnout ty\u010d do neuv\u011b\u0159iteln\u00fdch 125 cm. Dr\u017e\u00e1k lze vysunout pomoc\u00ed 3 vysouvac\u00edch stup\u0148\u016f ze z\u00e1kladn\u00edch 42,5 cm na 67,5 cm, 94 cm nebo 125 cm. Ty\u010d m\u00e1 nosnost neuv\u011b\u0159iteln\u00e9 2 kg a neproh\u00fdb\u00e1 se ani p\u0159i maxim\u00e1ln\u00edm vysunut\u00ed. Samoz\u0159ejmost\u00ed je ot\u00e1\u010dec\u00ed koncov\u00e1 hlava (180\u00b0) se stativov\u00fdm \u0161roubem 1\/4 pro upevn\u011bn\u00ed kamery, fotoapar\u00e1tu nebo mobiln\u00ed telefony. Na protiskluzovou podlo\u017eku lze p\u0159ipevnit jak\u00fdkoli mobiln\u00ed telefon o rozm\u011bru 5,4 a\u017e 8,8 cm. D\u00edky bluetooth ovlada\u010di, kter\u00fd se jednodu\u0161e synchronizuje s mobiln\u00edm za\u0159\u00edzen\u00edm, budou va\u0161e autoportr\u00e9ty dokonal\u00e9. Pro snadn\u00e9 fotografov\u00e1n\u00ed a dokonal\u00fd z\u00e1b\u011br selfie je vestav\u011bn\u00e9 i zrc\u00e1tko. Yunteng je kompatibiln\u00ed se syst\u00e9my iOS 5.0\/Androidem 4.3 nebo vy\u0161\u0161\u00edmi verzemi.<\/strong><\/p>\n<p><strong>Dr\u017e\u00e1k Yunteng je vyroben ze slitiny hlin\u00edku, perfektn\u011b dr\u017e\u00ed tvar a je odoln\u00fd v\u016f\u010di mechanick\u00e9mu po\u0161kozen\u00ed. Gumov\u00e1 rukoje\u0165 s dr\u00e1\u017ekami zajist\u00ed bezpe\u010dn\u00fd a pevn\u00fd \u00fachop.<\/strong><\/p>\n","protected":false},"excerpt":{"rendered":"<p><strong>Teleskoick\u00e1 selfie ty\u010d Yunteng 1288 s bluetooth ovlada\u010dem.<\/strong><br \/>\n<strong>D\u00edky snadno nastaviteln\u00e9 d\u00e9lce pomoc\u00ed areta\u010dn\u00edch sv\u011brek lze rozt\u00e1hnout ty\u010d do neuv\u011b\u0159iteln\u00fdch 125 cm. Dr\u017e\u00e1k lze vysunout pomoc\u00ed 3 vysouvac\u00edch stup\u0148\u016f ze z\u00e1kladn\u00edch 42,5 cm na 67,5 cm, 94 cm nebo 125 cm. Ty\u010d m\u00e1 nosnost neuv\u011b\u0159iteln\u00e9 2 kg a neproh\u00fdb\u00e1 se ani p\u0159i maxim\u00e1ln\u00edm vysunut\u00ed. Samoz\u0159ejmost\u00ed je ot\u00e1\u010dec\u00ed koncov\u00e1 hlava (180\u00b0) se stativov\u00fdm \u0161roubem 1\/4 pro upevn\u011bn\u00ed kamery, fotoapar\u00e1tu nebo mobiln\u00ed telefony. Na protiskluzovou podlo\u017eku lze p\u0159ipevnit jak\u00fdkoli mobiln\u00ed telefon o rozm\u011bru 5,4 a\u017e 8,8 cm. D\u00edky bluetooth ovlada\u010di, kter\u00fd se jednodu\u0161e synchronizuje s mobiln\u00edm za\u0159\u00edzen\u00edm, budou va\u0161e autoportr\u00e9ty dokonal\u00e9. Pro snadn\u00e9 fotografov\u00e1n\u00ed a dokonal\u00fd z\u00e1b\u011br selfie je vestav\u011bn\u00e9 i zrc\u00e1tko. Yunteng je kompatibiln\u00ed se syst\u00e9my iOS 5.0\/Androidem 4.3 nebo vy\u0161\u0161\u00edmi verzemi.<\/strong><\/p>\n<p><strong>Dr\u017e\u00e1k Yunteng je vyroben ze slitiny hlin\u00edku, perfektn\u011b dr\u017e\u00ed tvar a je odoln\u00fd v\u016f\u010di mechanick\u00e9mu po\u0161kozen\u00ed. Gumov\u00e1 rukoje\u0165 s dr\u00e1\u017ekami zajist\u00ed bezpe\u010dn\u00fd a pevn\u00fd \u00fachop.<\/strong><\/p>\n","protected":false},"featured_media":10182,"comment_status":"open","ping_status":"closed","template":"","meta":{"ngg_post_thumbnail":0},"product_brand":[],"product_cat":[159],"product_tag":[],"class_list":{"0":"post-10179","1":"product","2":"type-product","3":"status-publish","4":"has-post-thumbnail","6":"product_cat-foto-a-video","7":"product_shipping_class-zas","8":"pa_baleni-nahradni-obal","9":"pa_baleni-neoriginalni-baleni","10":"pa_material-hlinik","11":"pa_material-kov","12":"pa_material-plast","13":"pa_vaha-do-200g","15":"first","16":"outofstock","17":"sale","18":"sold-individually","19":"shipping-taxable","20":"purchasable","21":"product-type-simple"},"_links":{"self":[{"href":"https:\/\/www.bazaroslavany.cz\/index.php?rest_route=\/wp\/v2\/product\/10179","targetHints":{"allow":["GET"]}}],"collection":[{"href":"https:\/\/www.bazaroslavany.cz\/index.php?rest_route=\/wp\/v2\/product"}],"about":[{"href":"https:\/\/www.bazaroslavany.cz\/index.php?rest_route=\/wp\/v2\/types\/product"}],"replies":[{"embeddable":true,"href":"https:\/\/www.bazaroslavany.cz\/index.php?rest_route=%2Fwp%2Fv2%2Fcomments&post=10179"}],"wp:featuredmedia":[{"embeddable":true,"href":"https:\/\/www.bazaroslavany.cz\/index.php?rest_route=\/wp\/v2\/media\/10182"}],"wp:attachment":[{"href":"https:\/\/www.bazaroslavany.cz\/index.php?rest_route=%2Fwp%2Fv2%2Fmedia&parent=10179"}],"wp:term":[{"taxonomy":"product_brand","embeddable":true,"href":"https:\/\/www.bazaroslavany.cz\/index.php?rest_route=%2Fwp%2Fv2%2Fproduct_brand&post=10179"},{"taxonomy":"product_cat","embeddable":true,"href":"https:\/\/www.bazaroslavany.cz\/index.php?rest_route=%2Fwp%2Fv2%2Fproduct_cat&post=10179"},{"taxonomy":"product_tag","embeddable":true,"href":"https:\/\/www.bazaroslavany.cz\/index.php?rest_route=%2Fwp%2Fv2%2Fproduct_tag&post=10179"}],"curies":[{"name":"wp","href":"https:\/\/api.w.org\/{rel}","templated":true}]}}