{"id":10184,"date":"2022-07-17T15:35:59","date_gmt":"2022-07-17T13:35:59","guid":{"rendered":"https:\/\/www.bazaroslavany.cz\/?post_type=product&#038;p=10184"},"modified":"2023-10-05T15:36:58","modified_gmt":"2023-10-05T13:36:58","slug":"laserova-cnc-gravirka-neje-vykon-laseru-3000-mw","status":"publish","type":"product","link":"https:\/\/www.bazaroslavany.cz\/?product=laserova-cnc-gravirka-neje-vykon-laseru-3000-mw","title":{"rendered":"Laserov\u00e1 CNC Grav\u00edrka Neje v\u00fdkon laseru 3000 mW"},"content":{"rendered":"<p><strong>CNC grav\u00edrka Neje, kter\u00e1 m\u00e1 profesion\u00e1ln\u00ed algoritmy zpracov\u00e1n\u00ed textu a mal\u00fdch obr\u00e1zk\u016f. Algoritmus prov\u00e1d\u00ed vykreslen\u00ed ka\u017ed\u00e9ho pixelu 1:1 bez ztr\u00e1ty p\u0159enosti. Velikost obr\u00e1zku je max. 490 x 490 pixel\u016f. Magnetick\u00fd ochrann\u00fd panel a tla\u010d\u00edtko nouzov\u00e9ho zastaven\u00ed zaji\u0161\u0165uj\u00ed bezpe\u010dn\u00fd provoz. Laserov\u00fd plotr m\u00e1 certifikace CE, FCC a FDA. Grav\u00edrka je vhodn\u00e1 pro dom\u00e1c\u00ed kutilstv\u00ed, nikoliv pro pr\u016fmyslov\u00e9 pou\u017eit\u00ed.<\/strong><br \/>\n<strong>Grav\u00edrka je vybaven\u00e1 445 nm laserovou trubic\u00ed, v\u00fdkonn\u00fdm laserem, ovl\u00e1d\u00e1n\u00edm TTL se sn\u00edm\u00e1n\u00edm teploty.<\/strong><\/p>\n<p><strong>Materi\u00e1l: hlin\u00edk + akryl + nerezov\u00e1 ocel<\/strong><br \/>\n<strong>Barva: \u010dern\u00e1<\/strong><br \/>\n<strong>V\u00fdkon: 3000 mW<\/strong><br \/>\n<strong>Vstupn\u00ed nap\u011bt\u00ed: 100 &#8211; 240 V<\/strong><br \/>\n<strong>V\u00fdstupn\u00ed nap\u011bt\u00ed: 5V, 2A<\/strong><br \/>\n<strong>D\u00e9lka laserov\u00e9 vlny: 445 nm<\/strong><br \/>\n<strong>Form\u00e1t obr\u00e1zku: bmp, jpg, png atd<\/strong><br \/>\n<strong>Velikost obr\u00e1zku: 490 x 490 pixel\u016f \/ vzd\u00e1lenost bod\u016f 0,075 mm<\/strong><br \/>\n<strong>Vzor grav\u00edrov\u00e1n\u00ed obr\u00e1zku: grav\u00edrov\u00e1n\u00ed bitmap<\/strong><br \/>\n<strong>Syst\u00e9m podpory: Win7 \/ Win8 \/ XP \/ Win10<\/strong><br \/>\n<strong>Grav\u00edrovac\u00ed plocha: 38 x 38 mm<\/strong><br \/>\n<strong>Velikost polo\u017eky: 16 x 14,5 x 19 cm<\/strong><\/p>\n","protected":false},"excerpt":{"rendered":"<p><strong>CNC grav\u00edrka Neje, kter\u00e1 m\u00e1 profesion\u00e1ln\u00ed algoritmy zpracov\u00e1n\u00ed textu a mal\u00fdch obr\u00e1zk\u016f. Algoritmus prov\u00e1d\u00ed vykreslen\u00ed ka\u017ed\u00e9ho pixelu 1:1 bez ztr\u00e1ty p\u0159enosti. Velikost obr\u00e1zku je max. 490 x 490 pixel\u016f. Magnetick\u00fd ochrann\u00fd panel a tla\u010d\u00edtko nouzov\u00e9ho zastaven\u00ed zaji\u0161\u0165uj\u00ed bezpe\u010dn\u00fd provoz. Laserov\u00fd plotr m\u00e1 certifikace CE, FCC a FDA. Grav\u00edrka je vhodn\u00e1 pro dom\u00e1c\u00ed kutilstv\u00ed, nikoliv pro pr\u016fmyslov\u00e9 pou\u017eit\u00ed.<\/strong><br \/>\n<strong>Grav\u00edrka je vybaven\u00e1 445 nm laserovou trubic\u00ed, v\u00fdkonn\u00fdm laserem, ovl\u00e1d\u00e1n\u00edm TTL se sn\u00edm\u00e1n\u00edm teploty.<\/strong><\/p>\n<p><strong>Materi\u00e1l: hlin\u00edk + akryl + nerezov\u00e1 ocel<\/strong><br \/>\n<strong>Barva: \u010dern\u00e1<\/strong><br \/>\n<strong>V\u00fdkon: 3000 mW<\/strong><br \/>\n<strong>Vstupn\u00ed nap\u011bt\u00ed: 100 &#8211; 240 V<\/strong><br \/>\n<strong>V\u00fdstupn\u00ed nap\u011bt\u00ed: 5V, 2A<\/strong><br \/>\n<strong>D\u00e9lka laserov\u00e9 vlny: 445 nm<\/strong><br \/>\n<strong>Form\u00e1t obr\u00e1zku: bmp, jpg, png atd<\/strong><br \/>\n<strong>Velikost obr\u00e1zku: 490 x 490 pixel\u016f \/ vzd\u00e1lenost bod\u016f 0,075 mm<\/strong><br \/>\n<strong>Vzor grav\u00edrov\u00e1n\u00ed obr\u00e1zku: grav\u00edrov\u00e1n\u00ed bitmap<\/strong><br \/>\n<strong>Syst\u00e9m podpory: Win7 \/ Win8 \/ XP \/ Win10<\/strong><br \/>\n<strong>Grav\u00edrovac\u00ed plocha: 38 x 38 mm<\/strong><br \/>\n<strong>Velikost polo\u017eky: 16 x 14,5 x 19 cm<\/strong><\/p>\n","protected":false},"featured_media":10187,"comment_status":"open","ping_status":"closed","template":"","meta":{"ngg_post_thumbnail":0},"product_brand":[],"product_cat":[102,41,15],"product_tag":[],"class_list":{"0":"post-10184","1":"product","2":"type-product","3":"status-publish","4":"has-post-thumbnail","6":"product_cat-elektro","7":"product_cat-naradi","8":"product_cat-vypocetni-technika","9":"product_shipping_class-zas","10":"pa_baleni-nahradni-obal","11":"pa_baleni-neoriginalni-baleni","12":"pa_material-hlinik","13":"pa_material-kov","14":"pa_material-ocel","15":"pa_material-plast","16":"pa_vaha-do-2-kg","18":"first","19":"outofstock","20":"sale","21":"shipping-taxable","22":"purchasable","23":"product-type-simple"},"_links":{"self":[{"href":"https:\/\/www.bazaroslavany.cz\/index.php?rest_route=\/wp\/v2\/product\/10184","targetHints":{"allow":["GET"]}}],"collection":[{"href":"https:\/\/www.bazaroslavany.cz\/index.php?rest_route=\/wp\/v2\/product"}],"about":[{"href":"https:\/\/www.bazaroslavany.cz\/index.php?rest_route=\/wp\/v2\/types\/product"}],"replies":[{"embeddable":true,"href":"https:\/\/www.bazaroslavany.cz\/index.php?rest_route=%2Fwp%2Fv2%2Fcomments&post=10184"}],"wp:featuredmedia":[{"embeddable":true,"href":"https:\/\/www.bazaroslavany.cz\/index.php?rest_route=\/wp\/v2\/media\/10187"}],"wp:attachment":[{"href":"https:\/\/www.bazaroslavany.cz\/index.php?rest_route=%2Fwp%2Fv2%2Fmedia&parent=10184"}],"wp:term":[{"taxonomy":"product_brand","embeddable":true,"href":"https:\/\/www.bazaroslavany.cz\/index.php?rest_route=%2Fwp%2Fv2%2Fproduct_brand&post=10184"},{"taxonomy":"product_cat","embeddable":true,"href":"https:\/\/www.bazaroslavany.cz\/index.php?rest_route=%2Fwp%2Fv2%2Fproduct_cat&post=10184"},{"taxonomy":"product_tag","embeddable":true,"href":"https:\/\/www.bazaroslavany.cz\/index.php?rest_route=%2Fwp%2Fv2%2Fproduct_tag&post=10184"}],"curies":[{"name":"wp","href":"https:\/\/api.w.org\/{rel}","templated":true}]}}