{"id":10188,"date":"2022-07-17T15:50:35","date_gmt":"2022-07-17T13:50:35","guid":{"rendered":"https:\/\/www.bazaroslavany.cz\/?post_type=product&#038;p=10188"},"modified":"2023-10-05T15:33:53","modified_gmt":"2023-10-05T13:33:53","slug":"ultrabook-lenovo-t440s-procesor-i5-256gb-ssd","status":"publish","type":"product","link":"https:\/\/www.bazaroslavany.cz\/?product=ultrabook-lenovo-t440s-procesor-i5-256gb-ssd","title":{"rendered":"Ultrabook Lenovo T440s, procesor i5, 256GB SSD"},"content":{"rendered":"<p><strong>Tento konkr\u00e9tn\u00ed kus m\u00e1 drobnou od\u0159eninu na v\u00edku dipleje po odstran\u011bn\u00ed eviden\u010dn\u00edho \u0161t\u00edtku. LCD 14&#8243; 1366&#215;7680, procesor Intel Core i5-4210U a\u017e 2,40GHz, 8GB RAM, 256GB SSD , Intel HD Graphics, WiFi, Bluetooth, nap\u00e1jec\u00ed adapt\u00e9r, baterie s v\u00fddr\u017e\u00ed cca 7 hodin. Windows 10 Pro CZ &#8211; Win10 jsou tedy samoz\u0159ejm\u011b leg\u00e1ln\u00ed, z\u00e1ruka 3 m\u011bs\u00edce. Osobn\u00ed odb\u011br mo\u017en\u00fd v Brn\u011b nebo v Oslavanech po dohod\u011b, p\u0159\u00edpadn\u011b z\u00e1silkovna po uhrazen\u00ed dopravy.<\/strong><\/p>\n","protected":false},"excerpt":{"rendered":"<p><strong>Tento konkr\u00e9tn\u00ed kus m\u00e1 drobnou od\u0159eninu na v\u00edku dipleje po odstran\u011bn\u00ed eviden\u010dn\u00edho \u0161t\u00edtku. LCD 14&#8243; 1366&#215;7680, procesor Intel Core i5-4210U a\u017e 2,40GHz, 8GB RAM, 256GB SSD , Intel HD Graphics, WiFi, Bluetooth, nap\u00e1jec\u00ed adapt\u00e9r, baterie s v\u00fddr\u017e\u00ed cca 7 hodin. Windows 10 Pro CZ &#8211; Win10 jsou tedy samoz\u0159ejm\u011b leg\u00e1ln\u00ed, z\u00e1ruka 3 m\u011bs\u00edce. Osobn\u00ed odb\u011br mo\u017en\u00fd v Brn\u011b nebo v Oslavanech po dohod\u011b, p\u0159\u00edpadn\u011b z\u00e1silkovna po uhrazen\u00ed dopravy.<\/strong><\/p>\n","protected":false},"featured_media":10189,"comment_status":"open","ping_status":"closed","template":"","meta":{"ngg_post_thumbnail":0},"product_brand":[],"product_cat":[15],"product_tag":[],"class_list":{"0":"post-10188","1":"product","2":"type-product","3":"status-publish","4":"has-post-thumbnail","6":"product_cat-vypocetni-technika","7":"product_shipping_class-zas","8":"pa_baleni-nahradni-obal","9":"pa_baleni-neoriginalni-baleni","10":"pa_material-kov","11":"pa_material-plast","12":"pa_vaha-do-2-kg","14":"first","15":"outofstock","16":"sale","17":"shipping-taxable","18":"purchasable","19":"product-type-simple"},"_links":{"self":[{"href":"https:\/\/www.bazaroslavany.cz\/index.php?rest_route=\/wp\/v2\/product\/10188","targetHints":{"allow":["GET"]}}],"collection":[{"href":"https:\/\/www.bazaroslavany.cz\/index.php?rest_route=\/wp\/v2\/product"}],"about":[{"href":"https:\/\/www.bazaroslavany.cz\/index.php?rest_route=\/wp\/v2\/types\/product"}],"replies":[{"embeddable":true,"href":"https:\/\/www.bazaroslavany.cz\/index.php?rest_route=%2Fwp%2Fv2%2Fcomments&post=10188"}],"wp:featuredmedia":[{"embeddable":true,"href":"https:\/\/www.bazaroslavany.cz\/index.php?rest_route=\/wp\/v2\/media\/10189"}],"wp:attachment":[{"href":"https:\/\/www.bazaroslavany.cz\/index.php?rest_route=%2Fwp%2Fv2%2Fmedia&parent=10188"}],"wp:term":[{"taxonomy":"product_brand","embeddable":true,"href":"https:\/\/www.bazaroslavany.cz\/index.php?rest_route=%2Fwp%2Fv2%2Fproduct_brand&post=10188"},{"taxonomy":"product_cat","embeddable":true,"href":"https:\/\/www.bazaroslavany.cz\/index.php?rest_route=%2Fwp%2Fv2%2Fproduct_cat&post=10188"},{"taxonomy":"product_tag","embeddable":true,"href":"https:\/\/www.bazaroslavany.cz\/index.php?rest_route=%2Fwp%2Fv2%2Fproduct_tag&post=10188"}],"curies":[{"name":"wp","href":"https:\/\/api.w.org\/{rel}","templated":true}]}}