{"id":10217,"date":"2022-07-19T12:12:36","date_gmt":"2022-07-19T10:12:36","guid":{"rendered":"https:\/\/www.bazaroslavany.cz\/?post_type=product&#038;p=10217"},"modified":"2023-10-05T15:22:20","modified_gmt":"2023-10-05T13:22:20","slug":"foto-brasna-tamrac-system-3-cerna","status":"publish","type":"product","link":"https:\/\/www.bazaroslavany.cz\/?product=foto-brasna-tamrac-system-3-cerna","title":{"rendered":"Foto Bra\u0161na Tamrac SYSTEM 3 \u010dern\u00e1"},"content":{"rendered":"<div class=\"popisdetail\"><strong>Kompaktn\u00ed profi fotobra\u0161na TAMRAC System 3. Rozm\u011bry (23x15x18cm), Perfektn\u00ed stav, nepou\u017eit\u00e1. Mo\u017enost zaslat po uhrazen\u00ed p\u0159epravy nebo z\u00e1silkovna, p\u0159\u00edpadn\u011b osobn\u00ed odb\u011br.<\/strong><\/div>\n","protected":false},"excerpt":{"rendered":"<p><strong>Kompaktn\u00ed profi fotobra\u0161na TAMRAC System 3. Rozm\u011bry (23x15x18cm), Perfektn\u00ed stav, nepou\u017eit\u00e1. Mo\u017enost zaslat po uhrazen\u00ed p\u0159epravy nebo z\u00e1silkovna, p\u0159\u00edpadn\u011b osobn\u00ed odb\u011br.<\/strong><\/p>\n","protected":false},"featured_media":10218,"comment_status":"open","ping_status":"closed","template":"","meta":{"ngg_post_thumbnail":0},"product_brand":[],"product_cat":[159],"product_tag":[],"class_list":{"0":"post-10217","1":"product","2":"type-product","3":"status-publish","4":"has-post-thumbnail","6":"product_cat-foto-a-video","7":"product_shipping_class-zas","8":"pa_baleni-nahradni-obal","9":"pa_baleni-neoriginalni-baleni","10":"pa_material-latka","11":"pa_material-plast","13":"first","14":"outofstock","15":"sale","16":"shipping-taxable","17":"purchasable","18":"product-type-simple"},"_links":{"self":[{"href":"https:\/\/www.bazaroslavany.cz\/index.php?rest_route=\/wp\/v2\/product\/10217","targetHints":{"allow":["GET"]}}],"collection":[{"href":"https:\/\/www.bazaroslavany.cz\/index.php?rest_route=\/wp\/v2\/product"}],"about":[{"href":"https:\/\/www.bazaroslavany.cz\/index.php?rest_route=\/wp\/v2\/types\/product"}],"replies":[{"embeddable":true,"href":"https:\/\/www.bazaroslavany.cz\/index.php?rest_route=%2Fwp%2Fv2%2Fcomments&post=10217"}],"wp:featuredmedia":[{"embeddable":true,"href":"https:\/\/www.bazaroslavany.cz\/index.php?rest_route=\/wp\/v2\/media\/10218"}],"wp:attachment":[{"href":"https:\/\/www.bazaroslavany.cz\/index.php?rest_route=%2Fwp%2Fv2%2Fmedia&parent=10217"}],"wp:term":[{"taxonomy":"product_brand","embeddable":true,"href":"https:\/\/www.bazaroslavany.cz\/index.php?rest_route=%2Fwp%2Fv2%2Fproduct_brand&post=10217"},{"taxonomy":"product_cat","embeddable":true,"href":"https:\/\/www.bazaroslavany.cz\/index.php?rest_route=%2Fwp%2Fv2%2Fproduct_cat&post=10217"},{"taxonomy":"product_tag","embeddable":true,"href":"https:\/\/www.bazaroslavany.cz\/index.php?rest_route=%2Fwp%2Fv2%2Fproduct_tag&post=10217"}],"curies":[{"name":"wp","href":"https:\/\/api.w.org\/{rel}","templated":true}]}}