{"id":11659,"date":"2023-05-01T14:10:18","date_gmt":"2023-05-01T12:10:18","guid":{"rendered":"https:\/\/www.bazaroslavany.cz\/?post_type=product&#038;p=11659"},"modified":"2023-10-05T15:15:58","modified_gmt":"2023-10-05T13:15:58","slug":"navigace-garmin-gpsmap-60csx","status":"publish","type":"product","link":"https:\/\/www.bazaroslavany.cz\/?product=navigace-garmin-gpsmap-60csx","title":{"rendered":"Navigace GARMIN GPSmap 60CSx"},"content":{"rendered":"<p><strong>Navigace Garmin GPSmap 60CSx. Navigace je v dobr\u00e9m stavu. K navigaci je i dr\u017e\u00e1k na kolo a stojan do auta nebo na st\u016fl. . V navigaci je nahran\u00e1 mapa Topo Czech V4 PRO 2019. Navigace je skv\u011bl\u00e1, ale nevyu\u017eiji v\u0161echny jej\u00ed funkce a je \u0161koda aby mi doma le\u017eela ladem. V\u011b\u0159\u00edm, \u017ee n\u011bjak\u00e9mu nad\u0161enci outdoor, geocaching, bushcraft nebo turistovi ud\u011bl\u00e1 je\u0161t\u011b mnoho radosti. Ide\u00e1ln\u011b osobn\u00ed odb\u011br, aby jste si ji mohli zkusit. Jinak Z\u00e1silkovna.<\/strong><br \/>\n<strong>Extr\u00e9mn\u011b citliv\u00fd GPS p\u0159ij\u00edma\u010d SiRF III a nahr\u00e1v\u00e1n\u00ed map na standardn\u00ed microSD datov\u00e9 karty. P\u0159\u00edstroj je vhodn\u00fd pro v\u0161estrann\u00e9 pou\u017eit\u00ed v automobilu, na motorce, na kole, na lodi, v ruce nebo i v mal\u00e9m letadle. Podporuje funkci optimalizace trasy &#8211; dok\u00e1\u017ee automaticky vypo\u010d\u00edtat cestu z v\u00fdchoz\u00edho do c\u00edlov\u00e9ho bodu. D\u00edky pou\u017eit\u00fdm microSD datov\u00fdm kart\u00e1m prakticky nem\u00e1 omezen\u00ed na mno\u017estv\u00ed dohran\u00fdch map ve sv\u00e9 pam\u011bti.<\/strong><\/p>\n","protected":false},"excerpt":{"rendered":"<p><strong>Navigace Garmin GPSmap 60CSx. Navigace je v dobr\u00e9m stavu. K navigaci je i dr\u017e\u00e1k na kolo a stojan do auta nebo na st\u016fl. . V navigaci je nahran\u00e1 mapa Topo Czech V4 PRO 2019. Navigace je skv\u011bl\u00e1, ale nevyu\u017eiji v\u0161echny jej\u00ed funkce a je \u0161koda aby mi doma le\u017eela ladem. V\u011b\u0159\u00edm, \u017ee n\u011bjak\u00e9mu nad\u0161enci outdoor, geocaching, bushcraft nebo turistovi ud\u011bl\u00e1 je\u0161t\u011b mnoho radosti. Ide\u00e1ln\u011b osobn\u00ed odb\u011br, aby jste si ji mohli zkusit. Jinak Z\u00e1silkovna.<\/strong><br \/>\n<strong>Extr\u00e9mn\u011b citliv\u00fd GPS p\u0159ij\u00edma\u010d SiRF III a nahr\u00e1v\u00e1n\u00ed map na standardn\u00ed microSD datov\u00e9 karty. P\u0159\u00edstroj je vhodn\u00fd pro v\u0161estrann\u00e9 pou\u017eit\u00ed v automobilu, na motorce, na kole, na lodi, v ruce nebo i v mal\u00e9m letadle. Podporuje funkci optimalizace trasy &#8211; dok\u00e1\u017ee automaticky vypo\u010d\u00edtat cestu z v\u00fdchoz\u00edho do c\u00edlov\u00e9ho bodu. D\u00edky pou\u017eit\u00fdm microSD datov\u00fdm kart\u00e1m prakticky nem\u00e1 omezen\u00ed na mno\u017estv\u00ed dohran\u00fdch map ve sv\u00e9 pam\u011bti.<\/strong><\/p>\n","protected":false},"featured_media":11660,"comment_status":"open","ping_status":"closed","template":"","meta":{"ngg_post_thumbnail":0},"product_brand":[],"product_cat":[102],"product_tag":[],"class_list":{"0":"post-11659","1":"product","2":"type-product","3":"status-publish","4":"has-post-thumbnail","6":"product_cat-elektro","7":"product_shipping_class-zas","8":"pa_baleni-kompletni","9":"pa_baleni-nahradni-obal","10":"pa_baleni-neoriginalni-baleni","11":"pa_baleni-poskozeny-obal","12":"pa_material-kov","13":"pa_material-plast","15":"first","16":"outofstock","17":"sale","18":"shipping-taxable","19":"purchasable","20":"product-type-simple"},"_links":{"self":[{"href":"https:\/\/www.bazaroslavany.cz\/index.php?rest_route=\/wp\/v2\/product\/11659","targetHints":{"allow":["GET"]}}],"collection":[{"href":"https:\/\/www.bazaroslavany.cz\/index.php?rest_route=\/wp\/v2\/product"}],"about":[{"href":"https:\/\/www.bazaroslavany.cz\/index.php?rest_route=\/wp\/v2\/types\/product"}],"replies":[{"embeddable":true,"href":"https:\/\/www.bazaroslavany.cz\/index.php?rest_route=%2Fwp%2Fv2%2Fcomments&post=11659"}],"wp:featuredmedia":[{"embeddable":true,"href":"https:\/\/www.bazaroslavany.cz\/index.php?rest_route=\/wp\/v2\/media\/11660"}],"wp:attachment":[{"href":"https:\/\/www.bazaroslavany.cz\/index.php?rest_route=%2Fwp%2Fv2%2Fmedia&parent=11659"}],"wp:term":[{"taxonomy":"product_brand","embeddable":true,"href":"https:\/\/www.bazaroslavany.cz\/index.php?rest_route=%2Fwp%2Fv2%2Fproduct_brand&post=11659"},{"taxonomy":"product_cat","embeddable":true,"href":"https:\/\/www.bazaroslavany.cz\/index.php?rest_route=%2Fwp%2Fv2%2Fproduct_cat&post=11659"},{"taxonomy":"product_tag","embeddable":true,"href":"https:\/\/www.bazaroslavany.cz\/index.php?rest_route=%2Fwp%2Fv2%2Fproduct_tag&post=11659"}],"curies":[{"name":"wp","href":"https:\/\/api.w.org\/{rel}","templated":true}]}}