{"id":11687,"date":"2023-06-02T19:04:09","date_gmt":"2023-06-02T17:04:09","guid":{"rendered":"https:\/\/www.bazaroslavany.cz\/?post_type=product&#038;p=11687"},"modified":"2025-09-02T14:57:19","modified_gmt":"2025-09-02T12:57:19","slug":"mini-air-kompresor-orlik-fengda-as-189","status":"publish","type":"product","link":"https:\/\/www.bazaroslavany.cz\/?product=mini-air-kompresor-orlik-fengda-as-189","title":{"rendered":"Mini Air Kompresor ORL\u00cdK (FENGDA) AS-189"},"content":{"rendered":"<p><strong>Jednov\u00e1lcov\u00fd p\u00edstov\u00fd bezolejov\u00fd kompresor s 3 litrovou n\u00e1dobou FENGDA AS-189:<\/strong><br \/>\n<strong>Vzduchov\u00fd regul\u00e1tor, n\u00edzk\u00e1 hlu\u010dnost, ide\u00e1ln\u00ed pro dom\u00e1c\u00ed pr\u00e1ce. Tepeln\u00e1 pojistka, funkce restartu a AutoStop. Kompresor je vybaven dvojit\u00fdm zap\u00ednac\u00edm tla\u010d\u00edtkem. D\u00edky \u010demu\u017e m\u016f\u017eete v pozici \u010d.1 pracovat v pln\u00e9 automatice kompresoru, vyu\u017e\u00edvat jeho automatick\u00e9 zap\u00edn\u00e1n\u00ed a vyp\u00edn\u00e1n\u00ed, ani\u017e byste museli cokoli nastavovat. D\u00edky pozici \u010d. 2 dos\u00e1hnete vysok\u00fd a stabiln\u00ed pln\u00edc\u00ed pracovn\u00ed tlak 6 bar\u016f p\u0159i pln\u00e9m pr\u016ftoku 23 litr\u016f za minutu. D\u00edky kvalitn\u00edm p\u0159\u00edsavk\u00e1m na nohou kompresoru hrav\u011b dos\u00e1hnete po\u017eadovanou stabilitu p\u0159i pr\u00e1ci.<\/strong><br \/>\n<strong>Perfektn\u00ed stav nov\u00e9ho stroje, t\u00e9m\u011b\u0159 nepou\u017eit\u00fd.<\/strong><\/p>\n","protected":false},"excerpt":{"rendered":"<p><strong>Jednov\u00e1lcov\u00fd p\u00edstov\u00fd bezolejov\u00fd kompresor s 3 litrovou n\u00e1dobou FENGDA AS-189:<\/strong><br \/>\n<strong>Vzduchov\u00fd regul\u00e1tor, n\u00edzk\u00e1 hlu\u010dnost, ide\u00e1ln\u00ed pro dom\u00e1c\u00ed pr\u00e1ce. Tepeln\u00e1 pojistka, funkce restartu a AutoStop. Kompresor je vybaven dvojit\u00fdm zap\u00ednac\u00edm tla\u010d\u00edtkem. D\u00edky \u010demu\u017e m\u016f\u017eete v pozici \u010d.1 pracovat v pln\u00e9 automatice kompresoru, vyu\u017e\u00edvat jeho automatick\u00e9 zap\u00edn\u00e1n\u00ed a vyp\u00edn\u00e1n\u00ed, ani\u017e byste museli cokoli nastavovat. D\u00edky pozici \u010d. 2 dos\u00e1hnete vysok\u00fd a stabiln\u00ed pln\u00edc\u00ed pracovn\u00ed tlak 6 bar\u016f p\u0159i pln\u00e9m pr\u016ftoku 23 litr\u016f za minutu. D\u00edky kvalitn\u00edm p\u0159\u00edsavk\u00e1m na nohou kompresoru hrav\u011b dos\u00e1hnete po\u017eadovanou stabilitu p\u0159i pr\u00e1ci.<\/strong><br \/>\n<strong>Perfektn\u00ed stav nov\u00e9ho stroje, t\u00e9m\u011b\u0159 nepou\u017eit\u00fd.<\/strong><\/p>\n","protected":false},"featured_media":11688,"comment_status":"open","ping_status":"closed","template":"","meta":{"ngg_post_thumbnail":0},"product_brand":[],"product_cat":[41],"product_tag":[],"class_list":{"0":"post-11687","1":"product","2":"type-product","3":"status-publish","4":"has-post-thumbnail","6":"product_cat-naradi","7":"product_shipping_class-zas","8":"pa_baleni-kompletni","9":"pa_baleni-neoriginalni-baleni","10":"pa_material-hlinik","11":"pa_material-kov","12":"pa_material-mosaz","13":"pa_material-ocel","14":"pa_material-plast","16":"first","17":"outofstock","18":"sale","19":"shipping-taxable","20":"purchasable","21":"product-type-simple"},"_links":{"self":[{"href":"https:\/\/www.bazaroslavany.cz\/index.php?rest_route=\/wp\/v2\/product\/11687","targetHints":{"allow":["GET"]}}],"collection":[{"href":"https:\/\/www.bazaroslavany.cz\/index.php?rest_route=\/wp\/v2\/product"}],"about":[{"href":"https:\/\/www.bazaroslavany.cz\/index.php?rest_route=\/wp\/v2\/types\/product"}],"replies":[{"embeddable":true,"href":"https:\/\/www.bazaroslavany.cz\/index.php?rest_route=%2Fwp%2Fv2%2Fcomments&post=11687"}],"wp:featuredmedia":[{"embeddable":true,"href":"https:\/\/www.bazaroslavany.cz\/index.php?rest_route=\/wp\/v2\/media\/11688"}],"wp:attachment":[{"href":"https:\/\/www.bazaroslavany.cz\/index.php?rest_route=%2Fwp%2Fv2%2Fmedia&parent=11687"}],"wp:term":[{"taxonomy":"product_brand","embeddable":true,"href":"https:\/\/www.bazaroslavany.cz\/index.php?rest_route=%2Fwp%2Fv2%2Fproduct_brand&post=11687"},{"taxonomy":"product_cat","embeddable":true,"href":"https:\/\/www.bazaroslavany.cz\/index.php?rest_route=%2Fwp%2Fv2%2Fproduct_cat&post=11687"},{"taxonomy":"product_tag","embeddable":true,"href":"https:\/\/www.bazaroslavany.cz\/index.php?rest_route=%2Fwp%2Fv2%2Fproduct_tag&post=11687"}],"curies":[{"name":"wp","href":"https:\/\/api.w.org\/{rel}","templated":true}]}}