{"id":19144,"date":"2025-09-01T00:29:18","date_gmt":"2025-08-31T22:29:18","guid":{"rendered":"https:\/\/www.bazaroslavany.cz\/?post_type=product&#038;p=19144"},"modified":"2025-09-17T12:32:51","modified_gmt":"2025-09-17T10:32:51","slug":"koleckove-brusle-inlinery","status":"publish","type":"product","link":"https:\/\/www.bazaroslavany.cz\/?product=koleckove-brusle-inlinery","title":{"rendered":"D\u00e1msk\u00e9 Kole\u010dkov\u00e9 Brusle Inlinery ARCORE Recall"},"content":{"rendered":"<div id=\"ajaxContentProductDescPart1\" class=\"m-0\">\n<p><strong>Modern\u00ed d\u00e1msk\u00e9 inline brusle ARCORE Recall .<\/strong><\/p>\n<div id=\"ajaxContentProductDescPart1\" class=\"m-0\">\n<p><strong>Robustn\u00ed hlin\u00edkov\u00fd r\u00e1m a kvalitn\u00ed odleh\u010den\u00e1 lo\u017eiska ABEC 5 Carbon se postaraj\u00ed o p\u0159\u00edjemnou rekrea\u010dn\u00ed j\u00edzdu. Nav\u00edc se brusle ARCORE d\u00edky syst\u00e9mu QuickLace i snadno nazouvaj\u00ed. Elegantn\u00ed design v odst\u00ednech fialov\u00e9 a \u010dern\u00e9 ocen\u00ed ka\u017ed\u00e1 spr\u00e1vn\u00e1 brusla\u0159ka.<\/strong><\/p>\n<\/div>\n<\/div>\n<p><strong>D\u016fvod prodeje nevhodn\u011b zvolen\u00e1 velikost (39) a nevhodn\u00fd d\u00e1rek.<\/strong><\/p>\n<div id=\"ajaxContentProductDescPart2\" class=\"m-0\">\n<p><strong>2x pou\u017eit\u00e9, perfektn\u00ed stav, hygienycky o\u0161et\u0159eno a naprosto v po\u0159\u00e1dku. Po\u0159izovac\u00ed cena 1.799,- K\u010d. Pro v\u00edce info. volejte na +420723078380 &#8230;<\/strong><\/p>\n<\/div>\n","protected":false},"excerpt":{"rendered":"<div id=\"ajaxContentProductDescPart1\" class=\"m-0\">\n<p><strong>Modern\u00ed d\u00e1msk\u00e9 inline brusle ARCORE Recall .<\/strong><\/p>\n<div id=\"ajaxContentProductDescPart1\" class=\"m-0\">\n<p><strong>Robustn\u00ed hlin\u00edkov\u00fd r\u00e1m a kvalitn\u00ed odleh\u010den\u00e1 lo\u017eiska ABEC 5 Carbon se postaraj\u00ed o p\u0159\u00edjemnou rekrea\u010dn\u00ed j\u00edzdu. Nav\u00edc se brusle ARCORE d\u00edky syst\u00e9mu QuickLace i snadno nazouvaj\u00ed. Elegantn\u00ed design v odst\u00ednech fialov\u00e9 a \u010dern\u00e9 ocen\u00ed ka\u017ed\u00e1 spr\u00e1vn\u00e1 brusla\u0159ka.<\/strong><\/p>\n<\/div>\n<\/div>\n<p><strong>D\u016fvod prodeje nevhodn\u011b zvolen\u00e1 velikost (39) a nevhodn\u00fd d\u00e1rek.<\/strong><\/p>\n<div id=\"ajaxContentProductDescPart2\" class=\"m-0\">\n<p><strong>2x pou\u017eit\u00e9, perfektn\u00ed stav, hygienycky o\u0161et\u0159eno a naprosto v po\u0159\u00e1dku. Po\u0159izovac\u00ed cena 1.799,- K\u010d. Pro v\u00edce info. volejte na +420723078380 &#8230;<\/strong><\/p>\n<\/div>\n","protected":false},"featured_media":19152,"comment_status":"open","ping_status":"closed","template":"","meta":{"ngg_post_thumbnail":0},"product_brand":[],"product_cat":[104],"product_tag":[],"class_list":{"0":"post-19144","1":"product","2":"type-product","3":"status-publish","4":"has-post-thumbnail","6":"product_cat-sportovni-vybaveni","7":"product_shipping_class-oo","8":"pa_baleni-neoriginalni-baleni","9":"pa_material-nerez","10":"pa_material-ocel","11":"pa_material-plast","12":"pa_material-polyuretan","13":"pa_vaha-do-2-kg","14":"pa_velikost-velikost-s","16":"first","17":"instock","18":"sale","19":"sold-individually","20":"shipping-taxable","21":"purchasable","22":"product-type-simple"},"_links":{"self":[{"href":"https:\/\/www.bazaroslavany.cz\/index.php?rest_route=\/wp\/v2\/product\/19144","targetHints":{"allow":["GET"]}}],"collection":[{"href":"https:\/\/www.bazaroslavany.cz\/index.php?rest_route=\/wp\/v2\/product"}],"about":[{"href":"https:\/\/www.bazaroslavany.cz\/index.php?rest_route=\/wp\/v2\/types\/product"}],"replies":[{"embeddable":true,"href":"https:\/\/www.bazaroslavany.cz\/index.php?rest_route=%2Fwp%2Fv2%2Fcomments&post=19144"}],"wp:featuredmedia":[{"embeddable":true,"href":"https:\/\/www.bazaroslavany.cz\/index.php?rest_route=\/wp\/v2\/media\/19152"}],"wp:attachment":[{"href":"https:\/\/www.bazaroslavany.cz\/index.php?rest_route=%2Fwp%2Fv2%2Fmedia&parent=19144"}],"wp:term":[{"taxonomy":"product_brand","embeddable":true,"href":"https:\/\/www.bazaroslavany.cz\/index.php?rest_route=%2Fwp%2Fv2%2Fproduct_brand&post=19144"},{"taxonomy":"product_cat","embeddable":true,"href":"https:\/\/www.bazaroslavany.cz\/index.php?rest_route=%2Fwp%2Fv2%2Fproduct_cat&post=19144"},{"taxonomy":"product_tag","embeddable":true,"href":"https:\/\/www.bazaroslavany.cz\/index.php?rest_route=%2Fwp%2Fv2%2Fproduct_tag&post=19144"}],"curies":[{"name":"wp","href":"https:\/\/api.w.org\/{rel}","templated":true}]}}