{"id":22,"date":"2017-11-04T16:49:57","date_gmt":"2017-11-04T15:49:57","guid":{"rendered":"http:\/\/www.bazarivancice.cz\/?post_type=product&#038;p=22"},"modified":"2023-10-05T14:48:55","modified_gmt":"2023-10-05T12:48:55","slug":"zalohovaci-multimedialni-server-acer-aspire-easystore-h340","status":"publish","type":"product","link":"https:\/\/www.bazaroslavany.cz\/?product=zalohovaci-multimedialni-server-acer-aspire-easystore-h340","title":{"rendered":"Z\u00e1lohovac\u00ed Multimedi\u00e1ln\u00ed Server Acer Aspire EasyStore H340"},"content":{"rendered":"<p><strong>Z\u00e1novn\u00ed NAS Diskov\u00fd Server Acer Aspire EasyStore H340. Zbo\u017e\u00ed bylo pouze vybaleno a kratkodob\u011b pou\u017eito na v\u00fdstav\u011b . Perfektn\u00ed dom\u00e1c\u00ed multimedi\u00e1ln\u00ed centrum a hlavn\u00ed bezpe\u010dn\u00e9 \u00falo\u017ei\u0161t\u011b pro Va\u0161e cenn\u00e1 data a z\u00e1lohy Va\u0161ich po\u010d\u00edta\u010d\u016f, notebook\u016f i telefon\u016f. Server je ur\u010den pro 4 SATA (SAS) disky (nejsou sou\u010d\u00e1st\u00ed &#8211; nutno dokoupit).&nbsp; <span style=\"color: #ff0000;\">Perfektn\u00ed stav, nov\u00e9ho p\u0159\u00edstroje, je\u0161t\u011b s p\u016fvodn\u00edmy ochran\u00fdmi foliemi.<\/span> V\u010detn\u011b origin\u00e1ln\u00edch manu\u00e1l\u016f a instala\u010dn\u00edch DVD medi\u00ed, orig. krabice. Nejl\u00e9pe osobn\u00ed odb\u011br Ivan\u010dice, Oslavany, Brno nebo Brno &#8211; Venkov, p\u0159\u00edpadn\u011b dob\u00edrka.<br \/>\n<\/strong><\/p>\n<p><span style=\"text-decoration: underline;\"><strong>Kr\u00e1tk\u00e1 VideoUk\u00e1zka produktu&#8230;.<\/strong><\/span><\/p>\n<div class=\"kad-youtube-shortcode videofit\"  ><iframe loading=\"lazy\" width=\"600\" height=\"400\" src=\"\/\/www.youtube.com\/embed\/uFCBSbMs9VM?autoplay=0&amp;controls=1&amp;fs=1&amp;modestbranding=0&amp;theme=dark&amp;rel=0&amp;loop=0\" frameborder=\"0\" allowfullscreen=\"true\"><\/iframe><\/div>\n<p>&nbsp;<\/p>\n","protected":false},"excerpt":{"rendered":"<p><strong><span style=\"color: #ff0000;\">Z\u00e1novn\u00ed NAS Diskov\u00fd Server Acer Aspire EasyStore H340.<\/span> Perfektn\u00ed dom\u00e1c\u00ed multimedi\u00e1ln\u00ed centrum a hlavn\u00ed bezpe\u010dn\u00e9 \u00falo\u017ei\u0161t\u011b pro Va\u0161e cenn\u00e1 data a z\u00e1lohy Va\u0161ich po\u010d\u00edta\u010d\u016f, notebook\u016f i telefon\u016f&#8230;<\/strong><\/p>\n","protected":false},"featured_media":48,"comment_status":"open","ping_status":"closed","template":"","meta":{"ngg_post_thumbnail":0},"product_brand":[],"product_cat":[15],"product_tag":[],"class_list":{"0":"post-22","1":"product","2":"type-product","3":"status-publish","4":"has-post-thumbnail","6":"product_cat-vypocetni-technika","7":"product_shipping_class-zas","9":"first","10":"outofstock","11":"sale","12":"sold-individually","13":"shipping-taxable","14":"purchasable","15":"product-type-simple"},"_links":{"self":[{"href":"https:\/\/www.bazaroslavany.cz\/index.php?rest_route=\/wp\/v2\/product\/22","targetHints":{"allow":["GET"]}}],"collection":[{"href":"https:\/\/www.bazaroslavany.cz\/index.php?rest_route=\/wp\/v2\/product"}],"about":[{"href":"https:\/\/www.bazaroslavany.cz\/index.php?rest_route=\/wp\/v2\/types\/product"}],"replies":[{"embeddable":true,"href":"https:\/\/www.bazaroslavany.cz\/index.php?rest_route=%2Fwp%2Fv2%2Fcomments&post=22"}],"wp:featuredmedia":[{"embeddable":true,"href":"https:\/\/www.bazaroslavany.cz\/index.php?rest_route=\/wp\/v2\/media\/48"}],"wp:attachment":[{"href":"https:\/\/www.bazaroslavany.cz\/index.php?rest_route=%2Fwp%2Fv2%2Fmedia&parent=22"}],"wp:term":[{"taxonomy":"product_brand","embeddable":true,"href":"https:\/\/www.bazaroslavany.cz\/index.php?rest_route=%2Fwp%2Fv2%2Fproduct_brand&post=22"},{"taxonomy":"product_cat","embeddable":true,"href":"https:\/\/www.bazaroslavany.cz\/index.php?rest_route=%2Fwp%2Fv2%2Fproduct_cat&post=22"},{"taxonomy":"product_tag","embeddable":true,"href":"https:\/\/www.bazaroslavany.cz\/index.php?rest_route=%2Fwp%2Fv2%2Fproduct_tag&post=22"}],"curies":[{"name":"wp","href":"https:\/\/api.w.org\/{rel}","templated":true}]}}