{"id":23327,"date":"2026-03-08T21:06:52","date_gmt":"2026-03-08T20:06:52","guid":{"rendered":"https:\/\/www.bazaroslavany.cz\/?post_type=product&#038;p=23327"},"modified":"2026-03-31T15:42:47","modified_gmt":"2026-03-31T13:42:47","slug":"rybarsky-navijak-spro-dragmaster-ec-4300-2-nahr-civky","status":"publish","type":"product","link":"https:\/\/www.bazaroslavany.cz\/?product=rybarsky-navijak-spro-dragmaster-ec-4300-2-nahr-civky","title":{"rendered":"Ryb\u00e1\u0159sk\u00fd navij\u00e1k ESPRO DragMaster EC 4300 + 2 n\u00e1hr. c\u00edvky."},"content":{"rendered":"<p><strong>P\u0159edm\u011btem nab\u00eddky a prodeje je Ryb\u00e1\u0159sk\u00fd navij\u00e1k ESPRO DragMaster EC 4300 + 2 n\u00e1hr. c\u00edvky. Spodn\u00ed brzda, p\u0159ep\u00edn\u00e1n\u00ed obousm\u011brn\u00e9ho chodu, jemn\u00e9 trimov\u00e1n\u00ed spodn\u00ed brzdy, sklopn\u00e1 kli\u010dka, mo\u017enost rychl\u00e9 v\u00fdm\u011bny c\u00edvek dle pot\u0159eby. Materi\u00e1l solidn\u00ed dural plus nerez plus plast. Hlin\u00edkov\u00e9 a plastov\u00e9 c\u00edvky. V\u00fdborn\u00fd a odoln\u00fd na zimu i l\u00e9to, doporu\u010duji na plavanou o lehkou kapra\u0159inu. Perfektn\u00ed stav, nikdy nepou\u017eit\u00e9, pouze vybaleno a otestov\u00e1na funk\u010dnost. Stav nov\u00e9ho kusu, bez p\u016fvodn\u00edho orig. obalu.&nbsp;<\/strong><\/p>\n","protected":false},"excerpt":{"rendered":"<p><strong>P\u0159edm\u011btem nab\u00eddky a prodeje je Ryb\u00e1\u0159sk\u00fd navij\u00e1k ESPRO DragMaster EC 4300 + 2 n\u00e1hr. c\u00edvky. Spodn\u00ed brzda, p\u0159ep\u00edn\u00e1n\u00ed obousm\u011brn\u00e9ho chodu, jemn\u00e9 trimov\u00e1n\u00ed spodn\u00ed brzdy, sklopn\u00e1 kli\u010dka, mo\u017enost rychl\u00e9 v\u00fdm\u011bny c\u00edvek dle pot\u0159eby. Materi\u00e1l solidn\u00ed dural plus nerez plus plast. Hlin\u00edkov\u00e9 a plastov\u00e9 c\u00edvky. V\u00fdborn\u00fd a odoln\u00fd na zimu i l\u00e9to, doporu\u010duji na plavanou o lehkou kapra\u0159inu. Perfektn\u00ed stav, nikdy nepou\u017eit\u00e9, pouze vybaleno a otestov\u00e1na funk\u010dnost. Stav nov\u00e9ho kusu, bez p\u016fvodn\u00edho orig. obalu.&nbsp;<\/strong><\/p>\n","protected":false},"featured_media":23328,"comment_status":"open","ping_status":"closed","template":"","meta":{"ngg_post_thumbnail":0},"product_brand":[],"product_cat":[27],"product_tag":[],"class_list":{"0":"post-23327","1":"product","2":"type-product","3":"status-publish","4":"has-post-thumbnail","6":"product_cat-rybarske-potreby","7":"product_shipping_class-oo","8":"pa_baleni-kompletni","9":"pa_baleni-nahradni-obal","10":"pa_baleni-neoriginalni-baleni","11":"pa_material-hlinik","12":"pa_material-kov","13":"pa_material-nerez","14":"pa_material-plast","15":"pa_vaha-do-300g","17":"first","18":"outofstock","19":"sale","20":"shipping-taxable","21":"purchasable","22":"product-type-simple"},"_links":{"self":[{"href":"https:\/\/www.bazaroslavany.cz\/index.php?rest_route=\/wp\/v2\/product\/23327","targetHints":{"allow":["GET"]}}],"collection":[{"href":"https:\/\/www.bazaroslavany.cz\/index.php?rest_route=\/wp\/v2\/product"}],"about":[{"href":"https:\/\/www.bazaroslavany.cz\/index.php?rest_route=\/wp\/v2\/types\/product"}],"replies":[{"embeddable":true,"href":"https:\/\/www.bazaroslavany.cz\/index.php?rest_route=%2Fwp%2Fv2%2Fcomments&post=23327"}],"wp:featuredmedia":[{"embeddable":true,"href":"https:\/\/www.bazaroslavany.cz\/index.php?rest_route=\/wp\/v2\/media\/23328"}],"wp:attachment":[{"href":"https:\/\/www.bazaroslavany.cz\/index.php?rest_route=%2Fwp%2Fv2%2Fmedia&parent=23327"}],"wp:term":[{"taxonomy":"product_brand","embeddable":true,"href":"https:\/\/www.bazaroslavany.cz\/index.php?rest_route=%2Fwp%2Fv2%2Fproduct_brand&post=23327"},{"taxonomy":"product_cat","embeddable":true,"href":"https:\/\/www.bazaroslavany.cz\/index.php?rest_route=%2Fwp%2Fv2%2Fproduct_cat&post=23327"},{"taxonomy":"product_tag","embeddable":true,"href":"https:\/\/www.bazaroslavany.cz\/index.php?rest_route=%2Fwp%2Fv2%2Fproduct_tag&post=23327"}],"curies":[{"name":"wp","href":"https:\/\/api.w.org\/{rel}","templated":true}]}}