{"id":23343,"date":"2026-03-09T13:31:35","date_gmt":"2026-03-09T12:31:35","guid":{"rendered":"https:\/\/www.bazaroslavany.cz\/?post_type=product&#038;p=23343"},"modified":"2026-03-09T15:48:51","modified_gmt":"2026-03-09T14:48:51","slug":"strong-univerzalni-wifiopakovac-300-v2-novy-nepouzity","status":"publish","type":"product","link":"https:\/\/www.bazaroslavany.cz\/?product=strong-univerzalni-wifiopakovac-300-v2-novy-nepouzity","title":{"rendered":"Strong univerz\u00e1ln\u00ed WiFi Opakova\u010d 300 v2 &#8211; Nov\u00fd nepou\u017eit\u00fd"},"content":{"rendered":"<p><strong>WiFi extender a repeater &#8211; roz\u0161\u00ed\u0159en\u00ed pokryt\u00ed sign\u00e1lu &#8211; opakova\u010d &#8211; vnit\u0159n\u00ed, WiFi 4, standard 802.11\/b\/g\/n, maxim\u00e1ln\u00ed rychlost WiFi p\u0159enosu 300 Mb\/s, p\u00e1sma (2,4 GHz 300 Mb\/s ), LED kontrolka s\u00edly sign\u00e1lu, \u0161ifrov\u00e1n\u00ed WEP 64bit, WPA a WPA2, 2\u00d7 extern\u00ed neodn\u00edmateln\u00e1 ant\u00e9na se ziskem 3 dBi, ethernetov\u00fd kabel v balen\u00ed. Nov\u00e9 nepou\u017eit\u00e9 zbo\u017e\u00ed v p\u016fvodn\u00edm nepo\u0161kozen\u00e9m obalu.<\/strong><\/p>\n","protected":false},"excerpt":{"rendered":"<p><strong>WiFi extender a repeater &#8211; roz\u0161\u00ed\u0159en\u00ed pokryt\u00ed sign\u00e1lu &#8211; opakova\u010d &#8211; vnit\u0159n\u00ed, WiFi 4, standard 802.11\/b\/g\/n, maxim\u00e1ln\u00ed rychlost WiFi p\u0159enosu 300 Mb\/s, p\u00e1sma (2,4 GHz 300 Mb\/s ), LED kontrolka s\u00edly sign\u00e1lu, \u0161ifrov\u00e1n\u00ed WEP 64bit, WPA a WPA2, 2\u00d7 extern\u00ed neodn\u00edmateln\u00e1 ant\u00e9na se ziskem 3 dBi, ethernetov\u00fd kabel v balen\u00ed. Nov\u00e9 nepou\u017eit\u00e9 zbo\u017e\u00ed v p\u016fvodn\u00edm nepo\u0161kozen\u00e9m obalu.<\/strong><\/p>\n","protected":false},"featured_media":23344,"comment_status":"open","ping_status":"closed","template":"","meta":{"ngg_post_thumbnail":0},"product_brand":[],"product_cat":[15],"product_tag":[],"class_list":{"0":"post-23343","1":"product","2":"type-product","3":"status-publish","4":"has-post-thumbnail","6":"product_cat-vypocetni-technika","7":"product_shipping_class-oo","8":"pa_baleni-kompletni","9":"pa_baleni-originalni-baleni-otevrene","10":"pa_material-kov","11":"pa_material-plast","12":"pa_vaha-do-200g","14":"first","15":"instock","16":"sale","17":"sold-individually","18":"shipping-taxable","19":"purchasable","20":"product-type-simple"},"_links":{"self":[{"href":"https:\/\/www.bazaroslavany.cz\/index.php?rest_route=\/wp\/v2\/product\/23343","targetHints":{"allow":["GET"]}}],"collection":[{"href":"https:\/\/www.bazaroslavany.cz\/index.php?rest_route=\/wp\/v2\/product"}],"about":[{"href":"https:\/\/www.bazaroslavany.cz\/index.php?rest_route=\/wp\/v2\/types\/product"}],"replies":[{"embeddable":true,"href":"https:\/\/www.bazaroslavany.cz\/index.php?rest_route=%2Fwp%2Fv2%2Fcomments&post=23343"}],"wp:featuredmedia":[{"embeddable":true,"href":"https:\/\/www.bazaroslavany.cz\/index.php?rest_route=\/wp\/v2\/media\/23344"}],"wp:attachment":[{"href":"https:\/\/www.bazaroslavany.cz\/index.php?rest_route=%2Fwp%2Fv2%2Fmedia&parent=23343"}],"wp:term":[{"taxonomy":"product_brand","embeddable":true,"href":"https:\/\/www.bazaroslavany.cz\/index.php?rest_route=%2Fwp%2Fv2%2Fproduct_brand&post=23343"},{"taxonomy":"product_cat","embeddable":true,"href":"https:\/\/www.bazaroslavany.cz\/index.php?rest_route=%2Fwp%2Fv2%2Fproduct_cat&post=23343"},{"taxonomy":"product_tag","embeddable":true,"href":"https:\/\/www.bazaroslavany.cz\/index.php?rest_route=%2Fwp%2Fv2%2Fproduct_tag&post=23343"}],"curies":[{"name":"wp","href":"https:\/\/api.w.org\/{rel}","templated":true}]}}