{"id":23357,"date":"2026-03-09T16:07:53","date_gmt":"2026-03-09T15:07:53","guid":{"rendered":"https:\/\/www.bazaroslavany.cz\/?post_type=product&#038;p=23357"},"modified":"2026-03-09T16:46:55","modified_gmt":"2026-03-09T15:46:55","slug":"hecht-3623-elektricke-konvenkcni-topidlo-s-dalkovym-ovladanim","status":"publish","type":"product","link":"https:\/\/www.bazaroslavany.cz\/?product=hecht-3623-elektricke-konvenkcni-topidlo-s-dalkovym-ovladanim","title":{"rendered":"HECHT 3623, elektrick\u00e9 konvenk\u010dn\u00ed topidlo &#8211; s d\u00e1lkov\u00fdm ovl\u00e1d\u00e1n\u00edm."},"content":{"rendered":"<p><strong>HECHT 3623 je konvek\u010dn\u00ed p\u0159\u00edmotop s p\u0159ep\u00ednateln\u00fdm p\u0159\u00edkonem a\u017e do 2300 W. Vybaven je p\u0159ehledn\u00fdm displayem a d\u00e1lkov\u00fdm ovl\u00e1d\u00e1n\u00edm. Snadno tak nastav\u00edte po\u017eadovanou teplotu, kterou bude p\u0159\u00edmotop udr\u017eovat, nebo automatick\u00e9 vypnut\u00ed pomoc\u00ed \u010dasova\u010de. Rozsah teplot je mo\u017en\u00e9 nastavit od 0 do 40 \u00b0C. Automatick\u00e9 vypnut\u00ed pak nastav\u00edte v rozsahu od 1 do 24 hodin. P\u0159\u00edmotop se p\u0159ipojuje do klasick\u00e9 230V\/50Hz z\u00e1suvky, pro jeho ovl\u00e1d\u00e1n\u00ed nen\u00ed mo\u017en\u00e9 pou\u017e\u00edt extern\u00ed termostat, nen\u00ed tedy ur\u010den pro realizaci vyt\u00e1p\u011bn\u00ed prostor pomoc\u00ed n\u011bkolika p\u0159\u00edmotop\u016f ovl\u00e1dan\u00fdch centr\u00e1ln\u011b. Sv\u00e9 vyu\u017eit\u00ed tedy najde p\u0159edev\u0161\u00edm jako pomocn\u00e9 p\u0159enosn\u00e9 topen\u00ed, p\u0159\u00edpadn\u011b pro vyt\u00e1p\u011bn\u00ed men\u0161\u00edho prostoru i jako hlavn\u00ed topen\u00ed. Pokud v\u0161ak dojde k v\u00fdpadku elektrick\u00e9 energie, p\u0159\u00edmotop se deaktivuje. T\u00edm je zaji\u0161t\u011bna bezpe\u010dnost pro p\u0159\u00edpad, \u017ee by v dob\u011b v\u00fdpadku energie zapomn\u011bla obsluha p\u0159\u00edmotop vypnout a ten se n\u00e1sledn\u011b v dob\u011b jej\u00ed nep\u0159\u00edtomnosti po op\u011btovn\u00e9m zapojen\u00ed elekt\u0159iny s\u00e1m spustil p\u0159esunut\u00fd na nevhodn\u00e9 m\u00edsto nebo zakryt\u00fd. Tento v\u00fdrobek je vhodn\u00fd pouze pro dob\u0159e izolovan\u00e9 prostory nebo ob\u010dasn\u00e9 pou\u017e\u00edv\u00e1n\u00ed. Mo\u017eno pou\u017e\u00edt jako voln\u011b stoj\u00edc\u00ed na plastov\u00fdch noh\u00e1ch a z\u00e1rove\u0148 p\u0159ilo\u017eena sada pro mont\u00e1\u017e na ze\u010f nebo neho\u0159lav\u00fd podklad.<\/strong><\/p>\n<p><span style=\"text-decoration: underline;\"><strong>Popis produktu<\/strong><\/span><\/p>\n<div id=\"tabs-1\" class=\"tab-pane active\" data-tabs=\"content\">\n<div class=\"product-description\">\n<ul>\n<li><strong>Skv\u011bl\u00e9 univerz\u00e1ln\u00ed elektrick\u00e9 konvek\u010dn\u00ed topen\u00ed v modern\u00edm designu<\/strong><\/li>\n<li><strong>Rychl\u00fd n\u00e1stup a pohodln\u00e9 udr\u017een\u00ed po\u017eadovan\u00e9 teploty v m\u00edstnosti<\/strong><\/li>\n<li><strong>Nadstandardn\u00ed p\u0159\u00edkon 2300 W<\/strong><\/li>\n<li><strong>Samoz\u0159ejmost\u00ed je variabiln\u00ed termostat a teplotn\u00ed pojistka proti p\u0159eh\u0159\u00e1t\u00ed<\/strong><\/li>\n<li><strong>Topidlo rovn\u011b\u017e disponuje protimrazovou funkc\u00ed<\/strong><\/li>\n<li><strong>Sou\u010d\u00e1st\u00ed balen\u00ed je i p\u0159ehledn\u00e9 d\u00e1lkov\u00e9 ovl\u00e1d\u00e1n\u00ed<\/strong><\/li>\n<li><strong>Pomoc\u00ed funkce \u010dasova\u010d m\u016f\u017eete nastavit \u010das vyt\u00e1p\u011bn\u00ed od 1 do 24 hod<\/strong><\/li>\n<li><strong>Mo\u017enost nastaven\u00ed t\u0159ech mo\u017enost\u00ed v\u00fdkonu (1000\/1300\/2300 W)<\/strong><\/li>\n<li><strong>D\u00e1lkov\u00e9 ovl\u00e1d\u00e1n\u00ed lze um\u00edstit p\u0159\u00edmo do boku topidla<\/strong><\/li>\n<li><strong>Pro jednoduch\u00e9 ovl\u00e1d\u00e1n\u00ed topidla slou\u017e\u00ed p\u0159ehledn\u00fd ovl\u00e1dac\u00ed panel s displejem<\/strong><\/li>\n<\/ul>\n<table>\n<tbody>\n<tr>\n<td>Stupe\u0148 kryt\u00ed IP<\/td>\n<td>IP20<\/td>\n<\/tr>\n<tr>\n<td>Nap\u00e1jen\u00ed<\/td>\n<td>230V\/50Hz<\/td>\n<\/tr>\n<tr>\n<td>P\u0159\u00edkon (W)<\/td>\n<td>2300<\/td>\n<\/tr>\n<\/tbody>\n<\/table>\n<\/div>\n<\/div>\n","protected":false},"excerpt":{"rendered":"<p><strong>HECHT 3623 je konvek\u010dn\u00ed p\u0159\u00edmotop s p\u0159ep\u00ednateln\u00fdm p\u0159\u00edkonem a\u017e do 2300 W. Vybaven je p\u0159ehledn\u00fdm displayem a d\u00e1lkov\u00fdm ovl\u00e1d\u00e1n\u00edm. Snadno tak nastav\u00edte po\u017eadovanou teplotu, kterou bude p\u0159\u00edmotop udr\u017eovat, nebo automatick\u00e9 vypnut\u00ed pomoc\u00ed \u010dasova\u010de. Rozsah teplot je mo\u017en\u00e9 nastavit od 0 do 40 \u00b0C. Automatick\u00e9 vypnut\u00ed pak nastav\u00edte v rozsahu od 1 do 24 hodin. P\u0159\u00edmotop se p\u0159ipojuje do klasick\u00e9 230V\/50Hz z\u00e1suvky, pro jeho ovl\u00e1d\u00e1n\u00ed nen\u00ed mo\u017en\u00e9 pou\u017e\u00edt extern\u00ed termostat, nen\u00ed tedy ur\u010den pro realizaci vyt\u00e1p\u011bn\u00ed prostor pomoc\u00ed n\u011bkolika p\u0159\u00edmotop\u016f ovl\u00e1dan\u00fdch centr\u00e1ln\u011b. Sv\u00e9 vyu\u017eit\u00ed tedy najde p\u0159edev\u0161\u00edm jako pomocn\u00e9 p\u0159enosn\u00e9 topen\u00ed, p\u0159\u00edpadn\u011b pro vyt\u00e1p\u011bn\u00ed men\u0161\u00edho prostoru i jako hlavn\u00ed topen\u00ed. Pokud v\u0161ak dojde k v\u00fdpadku elektrick\u00e9 energie, p\u0159\u00edmotop se deaktivuje. T\u00edm je zaji\u0161t\u011bna bezpe\u010dnost pro p\u0159\u00edpad, \u017ee by v dob\u011b v\u00fdpadku energie zapomn\u011bla obsluha p\u0159\u00edmotop vypnout a ten se n\u00e1sledn\u011b v dob\u011b jej\u00ed nep\u0159\u00edtomnosti po op\u011btovn\u00e9m zapojen\u00ed elekt\u0159iny s\u00e1m spustil p\u0159esunut\u00fd na nevhodn\u00e9 m\u00edsto nebo zakryt\u00fd. Tento v\u00fdrobek je vhodn\u00fd pouze pro dob\u0159e izolovan\u00e9 prostory nebo ob\u010dasn\u00e9 pou\u017e\u00edv\u00e1n\u00ed. Mo\u017eno pou\u017e\u00edt jako voln\u011b stoj\u00edc\u00ed na plastov\u00fdch noh\u00e1ch a z\u00e1rove\u0148 p\u0159ilo\u017eena sada pro mont\u00e1\u017e na ze\u010f nebo neho\u0159lav\u00fd podklad.<\/strong><\/p>\n","protected":false},"featured_media":23359,"comment_status":"open","ping_status":"closed","template":"","meta":{"ngg_post_thumbnail":0},"product_brand":[],"product_cat":[17,38,102,42],"product_tag":[],"class_list":{"0":"post-23357","1":"product","2":"type-product","3":"status-publish","4":"has-post-thumbnail","6":"product_cat-bila-technika","7":"product_cat-domaci-potreby","8":"product_cat-elektro","9":"product_cat-zahrada","10":"product_shipping_class-oo","11":"pa_baleni-kompletni","12":"pa_baleni-nahradni-obal","13":"pa_baleni-neoriginalni-baleni","14":"pa_material-kov","15":"pa_material-ocel","16":"pa_material-plast","17":"pa_vaha-do-2-kg","19":"first","20":"instock","21":"sale","22":"sold-individually","23":"shipping-taxable","24":"purchasable","25":"product-type-simple"},"_links":{"self":[{"href":"https:\/\/www.bazaroslavany.cz\/index.php?rest_route=\/wp\/v2\/product\/23357","targetHints":{"allow":["GET"]}}],"collection":[{"href":"https:\/\/www.bazaroslavany.cz\/index.php?rest_route=\/wp\/v2\/product"}],"about":[{"href":"https:\/\/www.bazaroslavany.cz\/index.php?rest_route=\/wp\/v2\/types\/product"}],"replies":[{"embeddable":true,"href":"https:\/\/www.bazaroslavany.cz\/index.php?rest_route=%2Fwp%2Fv2%2Fcomments&post=23357"}],"wp:featuredmedia":[{"embeddable":true,"href":"https:\/\/www.bazaroslavany.cz\/index.php?rest_route=\/wp\/v2\/media\/23359"}],"wp:attachment":[{"href":"https:\/\/www.bazaroslavany.cz\/index.php?rest_route=%2Fwp%2Fv2%2Fmedia&parent=23357"}],"wp:term":[{"taxonomy":"product_brand","embeddable":true,"href":"https:\/\/www.bazaroslavany.cz\/index.php?rest_route=%2Fwp%2Fv2%2Fproduct_brand&post=23357"},{"taxonomy":"product_cat","embeddable":true,"href":"https:\/\/www.bazaroslavany.cz\/index.php?rest_route=%2Fwp%2Fv2%2Fproduct_cat&post=23357"},{"taxonomy":"product_tag","embeddable":true,"href":"https:\/\/www.bazaroslavany.cz\/index.php?rest_route=%2Fwp%2Fv2%2Fproduct_tag&post=23357"}],"curies":[{"name":"wp","href":"https:\/\/api.w.org\/{rel}","templated":true}]}}