{"id":23371,"date":"2026-03-21T17:39:43","date_gmt":"2026-03-21T16:39:43","guid":{"rendered":"https:\/\/www.bazaroslavany.cz\/?post_type=product&#038;p=23371"},"modified":"2026-03-21T17:52:01","modified_gmt":"2026-03-21T16:52:01","slug":"hardware-penezenka-trezor-safe-3-cosmic-black-nova","status":"publish","type":"product","link":"https:\/\/www.bazaroslavany.cz\/?product=hardware-penezenka-trezor-safe-3-cosmic-black-nova","title":{"rendered":"Hardware pen\u011b\u017eenka Trezor Safe 3 &#8211; Cosmic Black, NOV\u00c1"},"content":{"rendered":"<p><strong>Hardware pen\u011b\u017eenka ur\u010den\u00e1 k ochran\u011b digit\u00e1ln\u00edch dat. Vybaven\u00e1 je nejmodern\u011bj\u0161\u00edmi funkcemi v\u010detn\u011b Secure Element a p\u0159\u00edstupovou fr\u00e1z\u00ed pro snadn\u00fd vstup. Umo\u017en\u00ed p\u0159ij\u00edmat, obchodovat i sledovat svoji kryptom\u011bnu a kdykoli ov\u011b\u0159it z\u016fstatek sv\u00e9ho portfolia. Ka\u017edou transakci lze potvrdit p\u0159\u00edmo v pen\u011b\u017eence. \u010cip Secure Element chr\u00e1n\u00ed precizn\u011b data i proti t\u011bm nejn\u00e1ro\u010dn\u011bj\u0161\u00edm \u00fatok\u016fm.<\/strong><strong>Shamir Backup nab\u00edz\u00ed ide\u00e1ln\u00ed zp\u016fsob, jak obnovit p\u0159\u00edstup pomoc\u00ed n\u011bkolika seznam\u016f slov.<\/strong><br \/>\n<strong>Pen\u011b\u017eenka TREZOR Safe 3 je vyroben\u00e1 z vysoce kvalitn\u00edho plastu a eloxovan\u00e9ho hlin\u00edku. Zcela nov\u00e9 v z\u00e1ruce, zakoupeno na ALZA.CZ. D\u016fvod prodeje \u2013 m\u00e1m nyn\u00ed jin\u00fd model, kter\u00fd jsem dostal k narozenin\u00e1m. Jde o jednou pou\u017eit\u00fd p\u0159\u00edstroj, nyn\u00ed ji\u017e bezpe\u010dn\u011b vymazan\u00fd a p\u0159eveden\u00fd do tov\u00e1rn\u00edho nastaven\u00ed dle v\u00fdrobce. Funguje perfektn\u011b.<\/strong><\/p>\n","protected":false},"excerpt":{"rendered":"<p><strong>Hardware pen\u011b\u017eenka ur\u010den\u00e1 k ochran\u011b digit\u00e1ln\u00edch dat. Vybaven\u00e1 je nejmodern\u011bj\u0161\u00edmi funkcemi v\u010detn\u011b Secure Element a p\u0159\u00edstupovou fr\u00e1z\u00ed pro snadn\u00fd vstup. Umo\u017en\u00ed p\u0159ij\u00edmat, obchodovat i sledovat svoji kryptom\u011bnu a kdykoli ov\u011b\u0159it z\u016fstatek sv\u00e9ho portfolia. Ka\u017edou transakci lze potvrdit p\u0159\u00edmo v pen\u011b\u017eence. \u010cip Secure Element chr\u00e1n\u00ed precizn\u011b data i proti t\u011bm nejn\u00e1ro\u010dn\u011bj\u0161\u00edm \u00fatok\u016fm.<\/strong><strong>Shamir Backup nab\u00edz\u00ed ide\u00e1ln\u00ed zp\u016fsob, jak obnovit p\u0159\u00edstup pomoc\u00ed n\u011bkolika seznam\u016f slov.<\/strong><br \/>\n<strong>Pen\u011b\u017eenka TREZOR Safe 3 je vyroben\u00e1 z vysoce kvalitn\u00edho plastu a eloxovan\u00e9ho hlin\u00edku. Zcela nov\u00e9 v z\u00e1ruce, zakoupeno na ALZA.CZ. D\u016fvod prodeje &#8211; m\u00e1m nyn\u00ed jin\u00fd model, kter\u00fd jsem dostal k narozenin\u00e1m. Jde o jednou pou\u017eit\u00fd p\u0159\u00edstroj, nyn\u00ed ji\u017e bezpe\u010dn\u011b vymazan\u00fd a p\u0159eveden\u00fd do tov\u00e1rn\u00edho nastaven\u00ed dle v\u00fdrobce. Funguje perfektn\u011b.<\/strong><\/p>\n","protected":false},"featured_media":23372,"comment_status":"open","ping_status":"closed","template":"","meta":{"ngg_post_thumbnail":0},"product_brand":[],"product_cat":[16,15],"product_tag":[],"class_list":{"0":"post-23371","1":"product","2":"type-product","3":"status-publish","4":"has-post-thumbnail","6":"product_cat-mobilni-telefony","7":"product_cat-vypocetni-technika","8":"product_shipping_class-oo","9":"pa_baleni-kompletni","10":"pa_baleni-originalni-baleni-otevrene","11":"pa_material-plast","12":"pa_vaha-do-100g","14":"first","15":"instock","16":"sale","17":"sold-individually","18":"shipping-taxable","19":"purchasable","20":"product-type-simple"},"_links":{"self":[{"href":"https:\/\/www.bazaroslavany.cz\/index.php?rest_route=\/wp\/v2\/product\/23371","targetHints":{"allow":["GET"]}}],"collection":[{"href":"https:\/\/www.bazaroslavany.cz\/index.php?rest_route=\/wp\/v2\/product"}],"about":[{"href":"https:\/\/www.bazaroslavany.cz\/index.php?rest_route=\/wp\/v2\/types\/product"}],"replies":[{"embeddable":true,"href":"https:\/\/www.bazaroslavany.cz\/index.php?rest_route=%2Fwp%2Fv2%2Fcomments&post=23371"}],"wp:featuredmedia":[{"embeddable":true,"href":"https:\/\/www.bazaroslavany.cz\/index.php?rest_route=\/wp\/v2\/media\/23372"}],"wp:attachment":[{"href":"https:\/\/www.bazaroslavany.cz\/index.php?rest_route=%2Fwp%2Fv2%2Fmedia&parent=23371"}],"wp:term":[{"taxonomy":"product_brand","embeddable":true,"href":"https:\/\/www.bazaroslavany.cz\/index.php?rest_route=%2Fwp%2Fv2%2Fproduct_brand&post=23371"},{"taxonomy":"product_cat","embeddable":true,"href":"https:\/\/www.bazaroslavany.cz\/index.php?rest_route=%2Fwp%2Fv2%2Fproduct_cat&post=23371"},{"taxonomy":"product_tag","embeddable":true,"href":"https:\/\/www.bazaroslavany.cz\/index.php?rest_route=%2Fwp%2Fv2%2Fproduct_tag&post=23371"}],"curies":[{"name":"wp","href":"https:\/\/api.w.org\/{rel}","templated":true}]}}