{"id":276,"date":"2017-11-24T01:40:29","date_gmt":"2017-11-24T00:40:29","guid":{"rendered":"https:\/\/www.bazaroslavany.cz\/?post_type=product&#038;p=276"},"modified":"2023-10-05T14:46:47","modified_gmt":"2023-10-05T12:46:47","slug":"tablet-acer-iconia-one-b1-730hd32gb-wifi","status":"publish","type":"product","link":"https:\/\/www.bazaroslavany.cz\/?product=tablet-acer-iconia-one-b1-730hd32gb-wifi","title":{"rendered":"Tablet Acer Iconia One B1-730HD32GB WiFi"},"content":{"rendered":"<p><strong>Z\u00e1novn\u00ed Tablet Acer Iconia One B1-730HD 32GB WiFi v \u010derno modr\u00e9m proveden\u00ed. Jedna se o v\u00fdkonn\u011bj\u0161\u00ed variantu s kapacitou 32 GB a slotem na microSD kartu a\u017e 128GB a WiFi. Ostatn\u00ed parametry patrn\u00e9 z obr\u00e1zk\u016f na obalu. Sou\u010d\u00e1st\u00ed je nab\u00edje\u010dka a USB kabel. Stav nov\u00e9ho p\u0159\u00edstroje. Bez jak\u00fdchkoliv vad a po\u0161kozen\u00ed. Je\u0161t\u011b rok v z\u00e1ruce v\u010detn\u011b orig. obalu a dokladu. P\u0159id\u00e1n zdarma ochrann\u00fd obal jak je na obr\u00e1zku, kter\u00fd byl pou\u017e\u00edv\u00e1n rok p\u0159ed t\u00edm se stejn\u00fdm ale slab\u0161\u00edm modelem tabletu 16GB stejn\u00e9ho v\u00fdrobce a shodn\u00fdch rozm\u011br\u016f..<\/strong><\/p>\n<p><span style=\"text-decoration: underline;\"><strong>Kr\u00e1tk\u00e1 VideoUk\u00e1zka produktu&#8230;.<\/strong><\/span><\/p>\n<div class=\"kad-youtube-shortcode videofit\"  ><iframe loading=\"lazy\" width=\"600\" height=\"400\" src=\"\/\/www.youtube.com\/embed\/3POdPH1QiHg?autoplay=0&amp;controls=1&amp;fs=1&amp;modestbranding=0&amp;theme=dark&amp;rel=0&amp;loop=0\" frameborder=\"0\" allowfullscreen=\"true\"><\/iframe><\/div>\n<p>&nbsp;<\/p>\n<p>&nbsp;<\/p>\n","protected":false},"excerpt":{"rendered":"<p><strong>Z\u00e1novn\u00ed Tablet Acer Iconia One B1-730HD 32GB WiFi v \u010derno modr\u00e9m proveden\u00ed. Jedn\u00e1 se o v\u00fdkonn\u011bj\u0161\u00ed variantu s kapacitou 32 GB a slotem na micro-SD kartu a\u017e 128GB.<\/strong><\/p>\n","protected":false},"featured_media":277,"comment_status":"open","ping_status":"closed","template":"","meta":{"ngg_post_thumbnail":0},"product_brand":[],"product_cat":[16],"product_tag":[],"class_list":{"0":"post-276","1":"product","2":"type-product","3":"status-publish","4":"has-post-thumbnail","6":"product_cat-mobilni-telefony","7":"product_shipping_class-zas","8":"pa_baleni-originalni-baleni-otevrene","10":"first","11":"outofstock","12":"sale","13":"sold-individually","14":"shipping-taxable","15":"purchasable","16":"product-type-simple"},"_links":{"self":[{"href":"https:\/\/www.bazaroslavany.cz\/index.php?rest_route=\/wp\/v2\/product\/276","targetHints":{"allow":["GET"]}}],"collection":[{"href":"https:\/\/www.bazaroslavany.cz\/index.php?rest_route=\/wp\/v2\/product"}],"about":[{"href":"https:\/\/www.bazaroslavany.cz\/index.php?rest_route=\/wp\/v2\/types\/product"}],"replies":[{"embeddable":true,"href":"https:\/\/www.bazaroslavany.cz\/index.php?rest_route=%2Fwp%2Fv2%2Fcomments&post=276"}],"wp:featuredmedia":[{"embeddable":true,"href":"https:\/\/www.bazaroslavany.cz\/index.php?rest_route=\/wp\/v2\/media\/277"}],"wp:attachment":[{"href":"https:\/\/www.bazaroslavany.cz\/index.php?rest_route=%2Fwp%2Fv2%2Fmedia&parent=276"}],"wp:term":[{"taxonomy":"product_brand","embeddable":true,"href":"https:\/\/www.bazaroslavany.cz\/index.php?rest_route=%2Fwp%2Fv2%2Fproduct_brand&post=276"},{"taxonomy":"product_cat","embeddable":true,"href":"https:\/\/www.bazaroslavany.cz\/index.php?rest_route=%2Fwp%2Fv2%2Fproduct_cat&post=276"},{"taxonomy":"product_tag","embeddable":true,"href":"https:\/\/www.bazaroslavany.cz\/index.php?rest_route=%2Fwp%2Fv2%2Fproduct_tag&post=276"}],"curies":[{"name":"wp","href":"https:\/\/api.w.org\/{rel}","templated":true}]}}