{"id":4505,"date":"2019-11-16T18:20:01","date_gmt":"2019-11-16T17:20:01","guid":{"rendered":"https:\/\/www.bazaroslavany.cz\/?post_type=product&#038;p=4505"},"modified":"2019-12-19T22:09:02","modified_gmt":"2019-12-19T21:09:02","slug":"notebook-hp-15-r015nc-touchsmart","status":"publish","type":"product","link":"https:\/\/www.bazaroslavany.cz\/?product=notebook-hp-15-r015nc-touchsmart","title":{"rendered":"Notebook HP 15-r015nc TouchSmart"},"content":{"rendered":"<p><strong>Notebook HP 15-r015nc TouchSmart<\/strong>. St\u00e1\u0159\u00ed 3 roky, perfektn\u00ed a 100 % stav. Bez jak\u00fdchkoliv zn\u00e1mek pou\u017eit\u00ed a opot\u0159eben\u00ed. Orig. krabice a balen\u00ed v\u010detn\u011b recovery m\u00e9di\u00ed. Parametry: Opera\u010dn\u00ed syst\u00e9m Windows 10 64bit Home Premium<br \/>\nProcesor Intel Core i5-4210U s grafickou kartou Intel HD 4400 (1,7 GHz, 3 MB mezipam\u011bti, 2 j\u00e1dra)<br \/>\nPam\u011b\u0165 SDRAM 8 GB 1600 MHz DDR3L (1 x 8 GB)<br \/>\nDisk SATA 1 TB 5 400 ot.\/min<br \/>\nZapisovac\u00ed jednotka SuperMulti DVD<br \/>\nWebov\u00e1 kamera HP TrueVision HD (\u010deln\u00ed) s integrovan\u00fdm digit\u00e1ln\u00edm mikrofonem<br \/>\nIntegrovan\u00e9 rozhran\u00ed 10\/100 BASE-T Ethernet LAN; 802.11b\/g\/n (1&#215;1)<br \/>\nV\u00edceform\u00e1tov\u00e1 \u010dte\u010dka multimedi\u00e1ln\u00edch karet SD<br \/>\n39,6cm (15,6&#8243;) displej HD (1366 x 768) s podsv\u00edcen\u00edm LED, dotykov\u00fd displej BrightView<br \/>\nVideo NVIDIA GeForce 820M (2 GB vyhrazen\u00e9 pam\u011bti DDR3)<br \/>\nDu\u00e1ln\u00ed reproduktory<br \/>\nPorty<br \/>\n1 port HDMI<br \/>\n1 kombinovan\u00fd konektor sluch\u00e1tek\/mikrofonu<br \/>\n1 USB 2.0<br \/>\n2 USB 3.0<br \/>\n1 RJ-45<br \/>\nBaterie 4\u010dl\u00e1nkov\u00e1 lithium-iontov\u00e1 baterie (41 Wh)<br \/>\nNap\u00e1jec\u00ed adapt\u00e9r 65 W st\u0159.<\/p>\n","protected":false},"excerpt":{"rendered":"<p><strong>Notebook HP 15-r015nc TouchSmart<\/strong>. St\u00e1\u0159\u00ed 3 roky, perfektn\u00ed a 100 % stav. Bez jak\u00fdchkoliv zn\u00e1mek pou\u017eit\u00ed a opot\u0159eben\u00ed. Orig. krabice a balen\u00ed v\u010detn\u011b recovery m\u00e9di\u00ed. Parametry: Opera\u010dn\u00ed syst\u00e9m Windows 10 64bit Home Premium<br \/>\nProcesor Intel Core i5-4210U s grafickou kartou Intel HD 4400 (1,7 GHz, 3 MB mezipam\u011bti, 2 j\u00e1dra)<br \/>\nPam\u011b\u0165 SDRAM 8 GB 1600 MHz DDR3L (1 x 8 GB)<br \/>\nDisk SATA 1 TB 5 400 ot.\/min&#8230;.<\/p>\n","protected":false},"featured_media":4506,"comment_status":"open","ping_status":"closed","template":"","meta":{"ngg_post_thumbnail":0},"product_brand":[],"product_cat":[15],"product_tag":[],"class_list":{"0":"post-4505","1":"product","2":"type-product","3":"status-publish","4":"has-post-thumbnail","6":"product_cat-vypocetni-technika","7":"product_shipping_class-dz","8":"pa_baleni-originalni-baleni-otevrene","10":"first","11":"outofstock","12":"sale","13":"sold-individually","14":"shipping-taxable","15":"purchasable","16":"product-type-simple"},"_links":{"self":[{"href":"https:\/\/www.bazaroslavany.cz\/index.php?rest_route=\/wp\/v2\/product\/4505","targetHints":{"allow":["GET"]}}],"collection":[{"href":"https:\/\/www.bazaroslavany.cz\/index.php?rest_route=\/wp\/v2\/product"}],"about":[{"href":"https:\/\/www.bazaroslavany.cz\/index.php?rest_route=\/wp\/v2\/types\/product"}],"replies":[{"embeddable":true,"href":"https:\/\/www.bazaroslavany.cz\/index.php?rest_route=%2Fwp%2Fv2%2Fcomments&post=4505"}],"wp:featuredmedia":[{"embeddable":true,"href":"https:\/\/www.bazaroslavany.cz\/index.php?rest_route=\/wp\/v2\/media\/4506"}],"wp:attachment":[{"href":"https:\/\/www.bazaroslavany.cz\/index.php?rest_route=%2Fwp%2Fv2%2Fmedia&parent=4505"}],"wp:term":[{"taxonomy":"product_brand","embeddable":true,"href":"https:\/\/www.bazaroslavany.cz\/index.php?rest_route=%2Fwp%2Fv2%2Fproduct_brand&post=4505"},{"taxonomy":"product_cat","embeddable":true,"href":"https:\/\/www.bazaroslavany.cz\/index.php?rest_route=%2Fwp%2Fv2%2Fproduct_cat&post=4505"},{"taxonomy":"product_tag","embeddable":true,"href":"https:\/\/www.bazaroslavany.cz\/index.php?rest_route=%2Fwp%2Fv2%2Fproduct_tag&post=4505"}],"curies":[{"name":"wp","href":"https:\/\/api.w.org\/{rel}","templated":true}]}}