{"id":452,"date":"2018-05-07T01:09:12","date_gmt":"2018-05-06T23:09:12","guid":{"rendered":"https:\/\/www.bazaroslavany.cz\/?post_type=product&#038;p=452"},"modified":"2019-11-15T20:56:11","modified_gmt":"2019-11-15T19:56:11","slug":"elektricky-gril-rohnson-r250","status":"publish","type":"product","link":"https:\/\/www.bazaroslavany.cz\/?product=elektricky-gril-rohnson-r250","title":{"rendered":"Elektrick\u00fd Gril ROHNSON R250"},"content":{"rendered":"<p>2x pou\u017eit\u00fd elektrick\u00fd gril ROHNSON R250, prefektn\u00ed stav.<\/p>\n<ul>\n<li><strong>zdrav\u00e9 grilov\u00e1n\u00ed bez tuku a nadbyte\u010dn\u00e9ho kou\u0159e<\/strong><\/li>\n<li>d\u00edky p\u0159\u00edkonu 2&nbsp;000&nbsp;W a termostatu v\u00e1mi po\u017eadovan\u00e9 teploty dos\u00e1hne b\u011bhem 1\u20132&nbsp;minut<\/li>\n<li>povrch grilovac\u00ed plochy je <strong>nep\u0159ilnav\u00fd<\/strong>, tud\u00ed\u017e nebude pot\u0159eba \u017e\u00e1dn\u00fd olej ani jin\u00e9&nbsp;tuky<\/li>\n<li>celou spodn\u00ed \u010d\u00e1st\u00ed grilovac\u00ed desky vede <strong>izolovan\u00e1 topn\u00e1 spir\u00e1la<\/strong>, co\u017e je v\u00fdhoda p\u0159edev\u0161\u00edm proto, pokud grilujete doma (pod digesto\u0159\u00ed)&nbsp;\u2013 topn\u00e1 spir\u00e1la tak nep\u0159ich\u00e1z\u00ed do kontaktu s&nbsp;tukem, kter\u00fd st\u00e9k\u00e1 po spodn\u00ed \u010d\u00e1sti ro\u0161tu a <strong>ned\u00fdm\u00ed se<\/strong>&nbsp;p\u0159\u00edli\u0161<\/li>\n<li>dal\u0161\u00ed \u010d\u00e1st ro\u0161tu tvo\u0159\u00ed <strong>rovn\u00e1 grilovac\u00ed plocha<\/strong>, na kter\u00e9 si snadno p\u0159iprav\u00edte zeleninu, krevety \u010di men\u0161\u00ed kousky&nbsp;masa<\/li>\n<li>jist\u011b vyu\u017eijete i&nbsp;praktickou poklici nebo madla pro p\u0159en\u00e1\u0161en\u00ed&nbsp;grilu<\/li>\n<li>jednotliv\u00e9 \u010d\u00e1sti grilu se daj\u00ed m\u00fdt i&nbsp;v&nbsp;my\u010dce na n\u00e1dob\u00ed.<\/li>\n<\/ul>\n<div>&nbsp;<\/div>\n<h2>Vlastnosti:<\/h2>\n<ul>\n<li>antiadh\u00e9zn\u00ed povrch v\u010detn\u011b topn\u00e9 spir\u00e1ly<\/li>\n<li><strong>klasick\u00fd ro\u0161t i&nbsp;rovn\u00e1 \u010d\u00e1st grilovac\u00ed plochy<\/strong><\/li>\n<li>nastaviteln\u00fd termostat do 230&nbsp;\u00b0C<\/li>\n<li><strong>t\u00e1c na odkap\u00e1v\u00e1n\u00ed mastnoty<\/strong><\/li>\n<li>rozeb\u00edrateln\u00fd na 5&nbsp;\u010d\u00e1st\u00ed<\/li>\n<li>sklen\u011bn\u00e1 poklice<\/li>\n<li>praktick\u00e1 madla<\/li>\n<\/ul>\n<h2>Technick\u00e9 parametry<\/h2>\n<ul>\n<li>v\u00fd\u0161ka s&nbsp;pokli\u010dkou 18,2&nbsp;cm<\/li>\n<li>v\u00fd\u0161ka bez pokli\u010dky 10,5&nbsp;cm<\/li>\n<li>barva: \u010dern\u00e1<\/li>\n<li>p\u0159\u00edkon: 2&nbsp;000&nbsp;W<\/li>\n<li>hmotnost: 5&nbsp;kg<\/li>\n<\/ul>\n<div class=\"kad-youtube-shortcode videofit\"  ><iframe loading=\"lazy\" width=\"600\" height=\"400\" src=\"\/\/www.youtube.com\/embed\/5F48mZdtRWY?autoplay=0&amp;controls=1&amp;fs=1&amp;modestbranding=0&amp;theme=dark&amp;rel=0&amp;loop=0\" frameborder=\"0\" allowfullscreen=\"true\"><\/iframe><\/div>\n<p>&nbsp;<\/p>\n","protected":false},"excerpt":{"rendered":"<p>2x pou\u017eit\u00fd elektrick\u00fd gril ROHNSON R250, prefektn\u00ed stav.<\/p>\n<ul>\n<li><strong>zdrav\u00e9 grilov\u00e1n\u00ed bez tuku a nadbyte\u010dn\u00e9ho kou\u0159e<\/strong><\/li>\n<li>d\u00edky p\u0159\u00edkonu 2&nbsp;000&nbsp;W a termostatu v\u00e1mi po\u017eadovan\u00e9 teploty dos\u00e1hne b\u011bhem 1\u20132&nbsp;minut<\/li>\n<li>povrch grilovac\u00ed plochy je <strong>nep\u0159ilnav\u00fd<\/strong>, tud\u00ed\u017e nebude pot\u0159eba \u017e\u00e1dn\u00fd olej ani jin\u00e9&nbsp;tuky<\/li>\n<li>celou spodn\u00ed \u010d\u00e1st\u00ed grilovac\u00ed desky vede <strong>izolovan\u00e1 topn\u00e1 spir\u00e1la<\/strong>, co\u017e je v\u00fdhoda p\u0159edev\u0161\u00edm proto, pokud grilujete doma (pod digesto\u0159\u00ed)&nbsp;\u2013 topn\u00e1 spir\u00e1la tak nep\u0159ich\u00e1z\u00ed do kontaktu s&nbsp;tukem, kter\u00fd st\u00e9k\u00e1 po spodn\u00ed \u010d\u00e1sti ro\u0161tu a <strong>ned\u00fdm\u00ed se<\/strong>&nbsp;p\u0159\u00edli\u0161<\/li>\n<\/ul>\n","protected":false},"featured_media":453,"comment_status":"open","ping_status":"closed","template":"","meta":{"ngg_post_thumbnail":0},"product_brand":[],"product_cat":[17],"product_tag":[],"class_list":{"0":"post-452","1":"product","2":"type-product","3":"status-publish","4":"has-post-thumbnail","6":"product_cat-bila-technika","7":"product_shipping_class-dz","8":"pa_material-kov","10":"first","11":"outofstock","12":"sale","13":"sold-individually","14":"shipping-taxable","15":"purchasable","16":"product-type-simple"},"_links":{"self":[{"href":"https:\/\/www.bazaroslavany.cz\/index.php?rest_route=\/wp\/v2\/product\/452","targetHints":{"allow":["GET"]}}],"collection":[{"href":"https:\/\/www.bazaroslavany.cz\/index.php?rest_route=\/wp\/v2\/product"}],"about":[{"href":"https:\/\/www.bazaroslavany.cz\/index.php?rest_route=\/wp\/v2\/types\/product"}],"replies":[{"embeddable":true,"href":"https:\/\/www.bazaroslavany.cz\/index.php?rest_route=%2Fwp%2Fv2%2Fcomments&post=452"}],"wp:featuredmedia":[{"embeddable":true,"href":"https:\/\/www.bazaroslavany.cz\/index.php?rest_route=\/wp\/v2\/media\/453"}],"wp:attachment":[{"href":"https:\/\/www.bazaroslavany.cz\/index.php?rest_route=%2Fwp%2Fv2%2Fmedia&parent=452"}],"wp:term":[{"taxonomy":"product_brand","embeddable":true,"href":"https:\/\/www.bazaroslavany.cz\/index.php?rest_route=%2Fwp%2Fv2%2Fproduct_brand&post=452"},{"taxonomy":"product_cat","embeddable":true,"href":"https:\/\/www.bazaroslavany.cz\/index.php?rest_route=%2Fwp%2Fv2%2Fproduct_cat&post=452"},{"taxonomy":"product_tag","embeddable":true,"href":"https:\/\/www.bazaroslavany.cz\/index.php?rest_route=%2Fwp%2Fv2%2Fproduct_tag&post=452"}],"curies":[{"name":"wp","href":"https:\/\/api.w.org\/{rel}","templated":true}]}}