{"id":458,"date":"2018-05-07T01:37:31","date_gmt":"2018-05-06T23:37:31","guid":{"rendered":"https:\/\/www.bazaroslavany.cz\/?post_type=product&#038;p=458"},"modified":"2024-02-17T12:44:44","modified_gmt":"2024-02-17T11:44:44","slug":"silnicni-kolo-race-bike-rb1300","status":"publish","type":"product","link":"https:\/\/www.bazaroslavany.cz\/?product=silnicni-kolo-race-bike-rb1300","title":{"rendered":"Silni\u010dn\u00ed Kolo Race Bike RR1300 vel. r\u00e1mu 58"},"content":{"rendered":"<p><strong>Na zak\u00e1zku postaven\u00e9 Silni\u010dn\u00ed Kolo Race Bike RR 1300, velikost r\u00e1mu 58 na v\u00fd\u0161ku postavy 180 cm a v\u00edce. Vybaven\u00ed SHIMANO Tiagra, brzdy SHIMANO 105, zadn\u00ed kazeta 9 p\u0159evod\u016f, vp\u0159edu 2x (dvojt\u00e1c), kliky SHIMANO Tiagra, duralov\u00e9 r\u00e1fky RAPID, sedlovka RITCHEY, zcela nov\u00e9 nejet\u00e9 du\u0161e a slini\u010dn\u00ed p\u00e1\u0161t\u011b SCHWALBE DURANO S na r\u00e1fc\u00edch 622\u00d715 \u2013 hladk\u00e9 \u2013 silnice + 2 stejn\u00e9 pl\u00e1\u0161t\u011b kr\u00e1tce jet\u00e9 (80% p\u016fvodn\u00edho stavu nov\u00fdch pl\u00e1\u0161\u0165\u016f), berany ITM XX7 Wing. Kolo jet\u00e9 jednu sezonu, kr\u00e1tce v l\u00e9t\u011b. Perfektn\u00ed stav nov\u00e9ho kola. Na zak\u00e1zku d\u011blan\u00fd r\u00e1m u RB, p\u0159edn\u00ed vidlice Carbon. Se\u0159\u00edzen\u00e9 a p\u0159ipraven\u00e9 na sezonu.<\/strong><\/p>\n","protected":false},"excerpt":{"rendered":"<p><strong>Na zak\u00e1zku postaven\u00e9 Silni\u010dn\u00ed Kolo Race Bike RR 1300, velikost r\u00e1mu 58 na v\u00fd\u0161ku postavy 180 cm a v\u00edce. Vybaven\u00ed SHIMANO Tiagra, brzdy SHIMANO 105, zadn\u00ed kazeta 9 p\u0159evod\u016f, vp\u0159edu 2x (dvojt\u00e1c), kliky SHIMANO Tiagra, duralov\u00e9 r\u00e1fky RAPID, sedlovka RITCHEY, zcela nov\u00e9 nejet\u00e9 du\u0161e a slini\u010dn\u00ed p\u00e1\u0161t\u011b SCHWALBE DURANO S na r\u00e1fc\u00edch 622&#215;15 &#8211; hladk\u00e9 &#8211; silnice + 2 stejn\u00e9 pl\u00e1\u0161t\u011b kr\u00e1tce jet\u00e9 (80% p\u016fvodn\u00edho stavu nov\u00fdch pl\u00e1\u0161\u0165\u016f), berany ITM XX7 Wing. Kolo jet\u00e9 jednu sezonu, kr\u00e1tce v l\u00e9t\u011b. Perfektn\u00ed stav nov\u00e9ho kola. Na zak\u00e1zku d\u011blan\u00fd r\u00e1m u RB, p\u0159edn\u00ed vidlice Carbon. Se\u0159\u00edzen\u00e9 a p\u0159ipraven\u00e9 na sezonu.<\/strong><\/p>\n","protected":false},"featured_media":7877,"comment_status":"open","ping_status":"closed","template":"","meta":{"ngg_post_thumbnail":0},"product_brand":[],"product_cat":[104],"product_tag":[],"class_list":{"0":"post-458","1":"product","2":"type-product","3":"status-publish","4":"has-post-thumbnail","6":"product_cat-sportovni-vybaveni","7":"product_shipping_class-dz","9":"first","10":"outofstock","11":"sale","12":"shipping-taxable","13":"purchasable","14":"product-type-simple"},"_links":{"self":[{"href":"https:\/\/www.bazaroslavany.cz\/index.php?rest_route=\/wp\/v2\/product\/458","targetHints":{"allow":["GET"]}}],"collection":[{"href":"https:\/\/www.bazaroslavany.cz\/index.php?rest_route=\/wp\/v2\/product"}],"about":[{"href":"https:\/\/www.bazaroslavany.cz\/index.php?rest_route=\/wp\/v2\/types\/product"}],"replies":[{"embeddable":true,"href":"https:\/\/www.bazaroslavany.cz\/index.php?rest_route=%2Fwp%2Fv2%2Fcomments&post=458"}],"wp:featuredmedia":[{"embeddable":true,"href":"https:\/\/www.bazaroslavany.cz\/index.php?rest_route=\/wp\/v2\/media\/7877"}],"wp:attachment":[{"href":"https:\/\/www.bazaroslavany.cz\/index.php?rest_route=%2Fwp%2Fv2%2Fmedia&parent=458"}],"wp:term":[{"taxonomy":"product_brand","embeddable":true,"href":"https:\/\/www.bazaroslavany.cz\/index.php?rest_route=%2Fwp%2Fv2%2Fproduct_brand&post=458"},{"taxonomy":"product_cat","embeddable":true,"href":"https:\/\/www.bazaroslavany.cz\/index.php?rest_route=%2Fwp%2Fv2%2Fproduct_cat&post=458"},{"taxonomy":"product_tag","embeddable":true,"href":"https:\/\/www.bazaroslavany.cz\/index.php?rest_route=%2Fwp%2Fv2%2Fproduct_tag&post=458"}],"curies":[{"name":"wp","href":"https:\/\/api.w.org\/{rel}","templated":true}]}}