{"id":681,"date":"2019-03-23T16:50:26","date_gmt":"2019-03-23T15:50:26","guid":{"rendered":"https:\/\/www.bazaroslavany.cz\/?post_type=product&#038;p=681"},"modified":"2019-12-25T01:19:49","modified_gmt":"2019-12-25T00:19:49","slug":"wifi-jednotka-ubiquiti-networks-bullet-m2-hp","status":"publish","type":"product","link":"https:\/\/www.bazaroslavany.cz\/?product=wifi-jednotka-ubiquiti-networks-bullet-m2-hp","title":{"rendered":"WiFi jednotka Ubiquiti Networks Bullet M2 HP"},"content":{"rendered":"<p><strong>Venkovn\u00ed jednotka Ubiquiti Networks Bullet M2 HP miniaturn\u00ed AP\/klient 2,4 GHz, 1x LAN, 802.11b\/g\/n.<\/strong><br \/>\n<strong>Bullet M2 HP je miniaturn\u00edm 2,4GHz outdoorov\u00fdm AP\/klientem, kter\u00fd lze jednodu\u0161e p\u0159ipevnit p\u0159\u00edmo k ant\u00e9n\u011b. T\u00edm odpad\u00e1 pot\u0159eba pou\u017eit\u00ed ztr\u00e1tov\u00e9ho koaxi\u00e1ln\u00edho kabelu! D\u00edky integrovan\u00e9mu ukazateli intenzity sign\u00e1lu lze p\u0159\u00edmo na m\u00edst\u011b spr\u00e1vn\u011b nasm\u011brovat klientskou ant\u00e9nu.<\/strong><\/p>\n<p><strong>Na za\u0159\u00edzen\u00ed nenaleznete \u017e\u00e1dn\u00fd nap\u00e1jec\u00ed jack, m\u00e1 toti\u017e integrovan\u00fd POE splitter a tak je nap\u00e1jena p\u0159\u00edmo po UTP kabelu. Stejn\u011b jako v NanoStation i v za\u0159\u00edzen\u00ed Bullet M2 HP b\u011b\u017e\u00ed obl\u00edben\u00fd syst\u00e9m AirOS s podporou \u010de\u0161tiny.<\/strong><\/p>\n<p><strong>HP verze m\u00e1 oproti standardn\u00edmu modelu t\u00e9m\u011b\u0159 o 1\/3 vy\u0161\u0161\u00ed v\u00fdkon! v\u00fdstupn\u00ed v\u00fdkon za\u0159\u00edzen\u00ed byl zv\u00fd\u0161en a\u017e na 29dB. Z\u00e1rove\u0148 byla zv\u00fd\u0161ena citlivost z -95dB na -97dB. P\u0159esto\u017ee za\u0159\u00edzen\u00ed umo\u017e\u0148uje v\u00fdstup s extr\u00e9mn\u00edm v\u00fdkonem, upozor\u0148ujeme, \u017ee je p\u0159i instalaci nutn\u00e9 dodr\u017eovat platn\u00e9 pr\u00e1vn\u00ed normy a p\u0159edpisy \u010cR.<\/strong><\/p>\n","protected":false},"excerpt":{"rendered":"<p><strong>Venkovn\u00ed jednotka Ubiquiti Networks Bullet M2 HP miniaturn\u00ed AP\/klient 2,4 GHz, 1x LAN, 802.11b\/g\/n.<\/strong><br \/>\n<strong>Bullet M2 HP je miniaturn\u00edm 2,4GHz outdoorov\u00fdm AP\/klientem, kter\u00fd lze jednodu\u0161e p\u0159ipevnit p\u0159\u00edmo k ant\u00e9n\u011b. T\u00edm odpad\u00e1 pot\u0159eba pou\u017eit\u00ed ztr\u00e1tov\u00e9ho koaxi\u00e1ln\u00edho kabelu! D\u00edky integrovan\u00e9mu ukazateli intenzity sign\u00e1lu lze p\u0159\u00edmo na m\u00edst\u011b spr\u00e1vn\u011b nasm\u011brovat klientskou ant\u00e9nu.<\/strong><\/p>\n","protected":false},"featured_media":682,"comment_status":"open","ping_status":"closed","template":"","meta":{"ngg_post_thumbnail":0},"product_brand":[],"product_cat":[15],"product_tag":[],"class_list":{"0":"post-681","1":"product","2":"type-product","3":"status-publish","4":"has-post-thumbnail","6":"product_cat-vypocetni-technika","7":"product_shipping_class-dz","8":"pa_baleni-neoriginalni-baleni","10":"first","11":"outofstock","12":"sale","13":"shipping-taxable","14":"purchasable","15":"product-type-simple"},"_links":{"self":[{"href":"https:\/\/www.bazaroslavany.cz\/index.php?rest_route=\/wp\/v2\/product\/681","targetHints":{"allow":["GET"]}}],"collection":[{"href":"https:\/\/www.bazaroslavany.cz\/index.php?rest_route=\/wp\/v2\/product"}],"about":[{"href":"https:\/\/www.bazaroslavany.cz\/index.php?rest_route=\/wp\/v2\/types\/product"}],"replies":[{"embeddable":true,"href":"https:\/\/www.bazaroslavany.cz\/index.php?rest_route=%2Fwp%2Fv2%2Fcomments&post=681"}],"wp:featuredmedia":[{"embeddable":true,"href":"https:\/\/www.bazaroslavany.cz\/index.php?rest_route=\/wp\/v2\/media\/682"}],"wp:attachment":[{"href":"https:\/\/www.bazaroslavany.cz\/index.php?rest_route=%2Fwp%2Fv2%2Fmedia&parent=681"}],"wp:term":[{"taxonomy":"product_brand","embeddable":true,"href":"https:\/\/www.bazaroslavany.cz\/index.php?rest_route=%2Fwp%2Fv2%2Fproduct_brand&post=681"},{"taxonomy":"product_cat","embeddable":true,"href":"https:\/\/www.bazaroslavany.cz\/index.php?rest_route=%2Fwp%2Fv2%2Fproduct_cat&post=681"},{"taxonomy":"product_tag","embeddable":true,"href":"https:\/\/www.bazaroslavany.cz\/index.php?rest_route=%2Fwp%2Fv2%2Fproduct_tag&post=681"}],"curies":[{"name":"wp","href":"https:\/\/api.w.org\/{rel}","templated":true}]}}