{"id":8774,"date":"2020-03-13T16:59:34","date_gmt":"2020-03-13T15:59:34","guid":{"rendered":"https:\/\/www.bazaroslavany.cz\/?post_type=product&#038;p=8774"},"modified":"2024-02-17T12:49:37","modified_gmt":"2024-02-17T11:49:37","slug":"obrazy-olej-na-platne-signovano-suchomel-brno","status":"publish","type":"product","link":"https:\/\/www.bazaroslavany.cz\/?product=obrazy-olej-na-platne-signovano-suchomel-brno","title":{"rendered":"Obraz v p\u016fvodn\u00edm r\u00e1mu zasklen\u00fd Aquarel &#8220;V\u00edly&#8221; signov\u00e1no Franti\u0161ek V\u00e1clav S\u00fcsser."},"content":{"rendered":"<p><strong>Obraz v p\u016fvodn\u00edm r\u00e1mu zasklen\u00fd, Aquarel &#8220;V\u00edly&#8221; signov\u00e1no Franti\u0161ek V\u00e1clav S\u00fcsser. Velikost kresby zhruba A4. Na zadn\u00ed stran\u011b obrazu v\u011bnov\u00e1n\u00ed autora a jeho man\u017eelky&#8230;.<br \/>\n<\/strong><\/p>\n","protected":false},"excerpt":{"rendered":"<p><strong>Obraz v p\u016fvodn\u00edm r\u00e1mu zasklen\u00fd, Aquarel &#8220;V\u00edly&#8221; signov\u00e1no Franti\u0161ek V\u00e1clav S\u00fcsser. Velikost kresby zhruba A4. Na zadn\u00ed stran\u011b obrazu v\u011bnov\u00e1n\u00ed autora a jeho man\u017eelky&#8230;.<\/strong><\/p>\n","protected":false},"featured_media":8888,"comment_status":"open","ping_status":"closed","template":"","meta":{"ngg_post_thumbnail":0},"product_brand":[],"product_cat":[19],"product_tag":[],"class_list":{"0":"post-8774","1":"product","2":"type-product","3":"status-publish","4":"has-post-thumbnail","6":"product_cat-starozitnosti","7":"product_shipping_class-zas","9":"first","10":"instock","11":"sale","12":"sold-individually","13":"shipping-taxable","14":"purchasable","15":"product-type-simple"},"_links":{"self":[{"href":"https:\/\/www.bazaroslavany.cz\/index.php?rest_route=\/wp\/v2\/product\/8774","targetHints":{"allow":["GET"]}}],"collection":[{"href":"https:\/\/www.bazaroslavany.cz\/index.php?rest_route=\/wp\/v2\/product"}],"about":[{"href":"https:\/\/www.bazaroslavany.cz\/index.php?rest_route=\/wp\/v2\/types\/product"}],"replies":[{"embeddable":true,"href":"https:\/\/www.bazaroslavany.cz\/index.php?rest_route=%2Fwp%2Fv2%2Fcomments&post=8774"}],"wp:featuredmedia":[{"embeddable":true,"href":"https:\/\/www.bazaroslavany.cz\/index.php?rest_route=\/wp\/v2\/media\/8888"}],"wp:attachment":[{"href":"https:\/\/www.bazaroslavany.cz\/index.php?rest_route=%2Fwp%2Fv2%2Fmedia&parent=8774"}],"wp:term":[{"taxonomy":"product_brand","embeddable":true,"href":"https:\/\/www.bazaroslavany.cz\/index.php?rest_route=%2Fwp%2Fv2%2Fproduct_brand&post=8774"},{"taxonomy":"product_cat","embeddable":true,"href":"https:\/\/www.bazaroslavany.cz\/index.php?rest_route=%2Fwp%2Fv2%2Fproduct_cat&post=8774"},{"taxonomy":"product_tag","embeddable":true,"href":"https:\/\/www.bazaroslavany.cz\/index.php?rest_route=%2Fwp%2Fv2%2Fproduct_tag&post=8774"}],"curies":[{"name":"wp","href":"https:\/\/api.w.org\/{rel}","templated":true}]}}