{"id":8837,"date":"2020-07-12T07:06:24","date_gmt":"2020-07-12T05:06:24","guid":{"rendered":"https:\/\/www.bazaroslavany.cz\/?post_type=product&#038;p=8837"},"modified":"2024-02-17T12:40:18","modified_gmt":"2024-02-17T11:40:18","slug":"zavodni-podvozek-110-serpent-s411-te","status":"publish","type":"product","link":"https:\/\/www.bazaroslavany.cz\/?product=zavodni-podvozek-110-serpent-s411-te","title":{"rendered":"Z\u00e1vodn\u00ed Podvozek 1:10 Serpent S411 TE"},"content":{"rendered":"<p><strong>Z\u00e1vodn\u00ed podvozek Serpent S411 TE (Team Edition), v perfektn\u00edm stavu plus vyobrazen\u00e9 n\u00e1hradn\u00ed d\u00edly a lehce jet\u00e9 katoserie. Pozor \u2013 jedn\u00e1 se o ostr\u00fd z\u00e1vodn\u00ed model pro kategorii 1:10 elektro \u2013 \u017e\u00e1dn\u00e1 hra\u010dka. Jet\u00e9 pouze na koberci a v hale. P\u0159i prodeji vcelku, plat\u00ed uveden\u00e1 cena za v\u0161echno. Pokud by se jednalo o prodej \u010d\u00e1st\u00ed bude cena individu\u00e1ln\u00ed, dle ceny n\u00e1hradn\u00edch d\u00edl\u016f a komponent, pat\u0159i\u010dn\u011b pon\u00ed\u017eeno. K podvozku m\u00e1m t\u00e9\u017e velk\u00e9 mno\u017est\u00ed imbus spojovac\u00edho materi\u00e1lu (d\u00e9lkov\u011b i tipov\u011b shodn\u00e9 s podvozky X-ray), plus mnoho d\u00e1l\u0161\u00edho, asi ji\u017e nesehnateln\u00e9ho na kategorii 1:10. Info nejl\u00e9pe telefonicky.<\/strong><\/p>\n","protected":false},"excerpt":{"rendered":"<p>Z\u00e1vodn\u00ed podvozek Serpent S411 TE (Team Edition), v perfektn\u00edm stavu plus vyobrazen\u00e9 n\u00e1hradn\u00ed d\u00edly a lehce jet\u00e9 katoserie. Pozor &#8211; jedn\u00e1 se o ostr\u00fd z\u00e1vodn\u00ed model pro kategorii 1:10 elektro &#8211; \u017e\u00e1dn\u00e1 hra\u010dka. Jet\u00e9 pouze na koberci a v hale. P\u0159i prodeji vcelku, plat\u00ed uveden\u00e1 cena za v\u0161echno. Pokud by se jednalo o prodej \u010d\u00e1st\u00ed bude cena individu\u00e1ln\u00ed, dle ceny n\u00e1hradn\u00edch d\u00edl\u016f a komponent, pat\u0159i\u010dn\u011b pon\u00ed\u017eeno. K podvozku m\u00e1m t\u00e9\u017e velk\u00e9 mno\u017est\u00ed imbus spojovac\u00edho materi\u00e1lu (d\u00e9lkov\u011b i tipov\u011b shodn\u00e9 s podvozky X-ray), plus mnoho d\u00e1l\u0161\u00edho, asi ji\u017e nesehnateln\u00e9ho na kategorii 1:10. Info nejl\u00e9pe telefonicky.<\/p>\n","protected":false},"featured_media":8838,"comment_status":"open","ping_status":"closed","template":"","meta":{"ngg_post_thumbnail":0},"product_brand":[],"product_cat":[148],"product_tag":[],"class_list":{"0":"post-8837","1":"product","2":"type-product","3":"status-publish","4":"has-post-thumbnail","6":"product_cat-rc_modely","7":"product_shipping_class-dz","8":"pa_baleni-neoriginalni-baleni","10":"first","11":"outofstock","12":"sale","13":"sold-individually","14":"shipping-taxable","15":"purchasable","16":"product-type-simple"},"_links":{"self":[{"href":"https:\/\/www.bazaroslavany.cz\/index.php?rest_route=\/wp\/v2\/product\/8837","targetHints":{"allow":["GET"]}}],"collection":[{"href":"https:\/\/www.bazaroslavany.cz\/index.php?rest_route=\/wp\/v2\/product"}],"about":[{"href":"https:\/\/www.bazaroslavany.cz\/index.php?rest_route=\/wp\/v2\/types\/product"}],"replies":[{"embeddable":true,"href":"https:\/\/www.bazaroslavany.cz\/index.php?rest_route=%2Fwp%2Fv2%2Fcomments&post=8837"}],"wp:featuredmedia":[{"embeddable":true,"href":"https:\/\/www.bazaroslavany.cz\/index.php?rest_route=\/wp\/v2\/media\/8838"}],"wp:attachment":[{"href":"https:\/\/www.bazaroslavany.cz\/index.php?rest_route=%2Fwp%2Fv2%2Fmedia&parent=8837"}],"wp:term":[{"taxonomy":"product_brand","embeddable":true,"href":"https:\/\/www.bazaroslavany.cz\/index.php?rest_route=%2Fwp%2Fv2%2Fproduct_brand&post=8837"},{"taxonomy":"product_cat","embeddable":true,"href":"https:\/\/www.bazaroslavany.cz\/index.php?rest_route=%2Fwp%2Fv2%2Fproduct_cat&post=8837"},{"taxonomy":"product_tag","embeddable":true,"href":"https:\/\/www.bazaroslavany.cz\/index.php?rest_route=%2Fwp%2Fv2%2Fproduct_tag&post=8837"}],"curies":[{"name":"wp","href":"https:\/\/api.w.org\/{rel}","templated":true}]}}