{"id":8843,"date":"2020-07-12T07:22:58","date_gmt":"2020-07-12T05:22:58","guid":{"rendered":"https:\/\/www.bazaroslavany.cz\/?post_type=product&#038;p=8843"},"modified":"2024-02-17T12:46:40","modified_gmt":"2024-02-17T11:46:40","slug":"multifunkcni-cyklopocitac-sigma-rox-5-0","status":"publish","type":"product","link":"https:\/\/www.bazaroslavany.cz\/?product=multifunkcni-cyklopocitac-sigma-rox-5-0","title":{"rendered":"Multifunk\u010dn\u00ed cyklopo\u010d\u00edta\u010d Sigma ROX 5.0"},"content":{"rendered":"<p><strong>Velmi slu\u0161n\u00fd cyklocomputer. Mnoho funkc\u00ed, perfektn\u00ed stav nov\u00e9ho zbo\u017e\u00ed, v\u010detn\u011b obal\u016f\u2026<\/strong><\/p>\n<p><strong>Detailn\u00ed popis produktu<\/strong><\/p>\n<p><strong>digit\u00e1ln\u011b k\u00f3dovan\u00fd bezdr\u00e1tov\u00fd p\u0159enos<\/strong><br \/>\n<strong>8 funkc\u00ed j\u00edzdn\u00edho kola<\/strong><br \/>\n<strong>8 \u010dasov\u00fdch funkc\u00ed<\/strong><br \/>\n<strong>13 funkc\u00ed tepov\u00e9 frekvence<\/strong><br \/>\n<strong>2 funkce frekvence \u0161lap\u00e1n\u00ed<\/strong><br \/>\n<strong>po\u010d\u00edtadlo okruh\u016f s 99 okruhy<\/strong><br \/>\n<strong>automat. zaznamen\u00e1v\u00e1n\u00ed trasy<\/strong><br \/>\n<strong>grafick\u00e9 zobrazen\u00ed trasy v po\u010d\u00edta\u010di (voliteln\u011b)<\/strong><br \/>\n<strong>automatick\u00e9 spu\u0161t\u011bn\u00ed\/zastaven\u00ed<\/strong><br \/>\n<strong>2 programovateln\u00e9 rozm\u011bry kol<\/strong><br \/>\n<strong>mo\u017enost vyu\u017eit\u00ed tak\u00e9 jako b\u011b\u017eeck\u00fd computer<\/strong><br \/>\n<strong>Kompletn\u00ed, nepou\u017eit\u00fd, stav nov\u00e9ho p\u0159\u00edstroje v\u010detn\u011b obal\u016f.<\/strong><\/p>\n","protected":false},"excerpt":{"rendered":"<p><strong>Velmi slu\u0161n\u00fd cyklocomputer. Mnoho funkc\u00ed, perfektn\u00ed stav nov\u00e9ho zbo\u017e\u00ed, v\u010detn\u011b obal\u016f&#8230;<\/strong><\/p>\n<p><strong>Detailn\u00ed popis produktu<\/strong><\/p>\n<p><strong>digit\u00e1ln\u011b k\u00f3dovan\u00fd bezdr\u00e1tov\u00fd p\u0159enos<\/strong><br \/>\n<strong>8 funkc\u00ed j\u00edzdn\u00edho kola<\/strong><br \/>\n<strong>8 \u010dasov\u00fdch funkc\u00ed<\/strong><br \/>\n<strong>13 funkc\u00ed tepov\u00e9 frekvence<\/strong><br \/>\n<strong>2 funkce frekvence \u0161lap\u00e1n\u00ed<\/strong><br \/>\n<strong>po\u010d\u00edtadlo okruh\u016f s 99 okruhy<\/strong><br \/>\n<strong>automat. zaznamen\u00e1v\u00e1n\u00ed trasy<\/strong><br \/>\n<strong>grafick\u00e9 zobrazen\u00ed trasy v po\u010d\u00edta\u010di (voliteln\u011b)<\/strong><br \/>\n<strong>automatick\u00e9 spu\u0161t\u011bn\u00ed\/zastaven\u00ed<\/strong><br \/>\n<strong>2 programovateln\u00e9 rozm\u011bry kol<\/strong><br \/>\n<strong>mo\u017enost vyu\u017eit\u00ed tak\u00e9 jako b\u011b\u017eeck\u00fd computer<\/strong><br \/>\n<strong>Kompletn\u00ed, nepou\u017eit\u00fd, stav nov\u00e9ho p\u0159\u00edstroje v\u010detn\u011b obal\u016f.<\/strong><\/p>\n","protected":false},"featured_media":8845,"comment_status":"open","ping_status":"closed","template":"","meta":{"ngg_post_thumbnail":0},"product_brand":[],"product_cat":[104],"product_tag":[],"class_list":{"0":"post-8843","1":"product","2":"type-product","3":"status-publish","4":"has-post-thumbnail","6":"product_cat-sportovni-vybaveni","7":"product_shipping_class-zas","8":"pa_baleni-kompletni","9":"pa_baleni-originalni-baleni-otevrene","11":"first","12":"outofstock","13":"sale","14":"sold-individually","15":"shipping-taxable","16":"purchasable","17":"product-type-simple"},"_links":{"self":[{"href":"https:\/\/www.bazaroslavany.cz\/index.php?rest_route=\/wp\/v2\/product\/8843","targetHints":{"allow":["GET"]}}],"collection":[{"href":"https:\/\/www.bazaroslavany.cz\/index.php?rest_route=\/wp\/v2\/product"}],"about":[{"href":"https:\/\/www.bazaroslavany.cz\/index.php?rest_route=\/wp\/v2\/types\/product"}],"replies":[{"embeddable":true,"href":"https:\/\/www.bazaroslavany.cz\/index.php?rest_route=%2Fwp%2Fv2%2Fcomments&post=8843"}],"wp:featuredmedia":[{"embeddable":true,"href":"https:\/\/www.bazaroslavany.cz\/index.php?rest_route=\/wp\/v2\/media\/8845"}],"wp:attachment":[{"href":"https:\/\/www.bazaroslavany.cz\/index.php?rest_route=%2Fwp%2Fv2%2Fmedia&parent=8843"}],"wp:term":[{"taxonomy":"product_brand","embeddable":true,"href":"https:\/\/www.bazaroslavany.cz\/index.php?rest_route=%2Fwp%2Fv2%2Fproduct_brand&post=8843"},{"taxonomy":"product_cat","embeddable":true,"href":"https:\/\/www.bazaroslavany.cz\/index.php?rest_route=%2Fwp%2Fv2%2Fproduct_cat&post=8843"},{"taxonomy":"product_tag","embeddable":true,"href":"https:\/\/www.bazaroslavany.cz\/index.php?rest_route=%2Fwp%2Fv2%2Fproduct_tag&post=8843"}],"curies":[{"name":"wp","href":"https:\/\/api.w.org\/{rel}","templated":true}]}}