{"id":8846,"date":"2020-07-12T07:51:00","date_gmt":"2020-07-12T05:51:00","guid":{"rendered":"https:\/\/www.bazaroslavany.cz\/?post_type=product&#038;p=8846"},"modified":"2023-10-05T16:20:15","modified_gmt":"2023-10-05T14:20:15","slug":"server-u1-supermicro-x7sbi-intel-xeon-e8400-3ghz-8gb-ram","status":"publish","type":"product","link":"https:\/\/www.bazaroslavany.cz\/?product=server-u1-supermicro-x7sbi-intel-xeon-e8400-3ghz-8gb-ram","title":{"rendered":"Server U1 Supermicro X7SBi \/ Intel Xeon E8400 3GHz \/ 8GB RAM"},"content":{"rendered":"<p><strong>Server U1 Supermicro X7SBi \/ Intel Xeon E8400 3GHz \/ 8GB RAM, v perfektn\u00edm stavu, pln\u011b funk\u010dn\u00ed bez osazen\u00fdch SATA disk\u016f. K Serveru jsou samoz\u0159ejm\u011b origin\u00e1ln\u00ed ly\u017einy do racku.<\/strong><\/p>\n","protected":false},"excerpt":{"rendered":"<p><strong>Server U1 Supermicro X7SBi \/ Intel Xeon E8400 3GHz \/ 8GB RAM, v perfektn\u00edm stavu, pln\u011b funk\u010dn\u00ed bez osazen\u00fdch SATA disk\u016f. K Serveru jsou samoz\u0159ejm\u011b origin\u00e1ln\u00ed ly\u017einy do racku.<\/strong><\/p>\n","protected":false},"featured_media":8848,"comment_status":"open","ping_status":"closed","template":"","meta":{"ngg_post_thumbnail":0},"product_brand":[],"product_cat":[15],"product_tag":[],"class_list":{"0":"post-8846","1":"product","2":"type-product","3":"status-publish","4":"has-post-thumbnail","6":"product_cat-vypocetni-technika","7":"product_shipping_class-dz","8":"pa_baleni-neoriginalni-baleni","10":"first","11":"outofstock","12":"sale","13":"sold-individually","14":"shipping-taxable","15":"purchasable","16":"product-type-simple"},"_links":{"self":[{"href":"https:\/\/www.bazaroslavany.cz\/index.php?rest_route=\/wp\/v2\/product\/8846","targetHints":{"allow":["GET"]}}],"collection":[{"href":"https:\/\/www.bazaroslavany.cz\/index.php?rest_route=\/wp\/v2\/product"}],"about":[{"href":"https:\/\/www.bazaroslavany.cz\/index.php?rest_route=\/wp\/v2\/types\/product"}],"replies":[{"embeddable":true,"href":"https:\/\/www.bazaroslavany.cz\/index.php?rest_route=%2Fwp%2Fv2%2Fcomments&post=8846"}],"wp:featuredmedia":[{"embeddable":true,"href":"https:\/\/www.bazaroslavany.cz\/index.php?rest_route=\/wp\/v2\/media\/8848"}],"wp:attachment":[{"href":"https:\/\/www.bazaroslavany.cz\/index.php?rest_route=%2Fwp%2Fv2%2Fmedia&parent=8846"}],"wp:term":[{"taxonomy":"product_brand","embeddable":true,"href":"https:\/\/www.bazaroslavany.cz\/index.php?rest_route=%2Fwp%2Fv2%2Fproduct_brand&post=8846"},{"taxonomy":"product_cat","embeddable":true,"href":"https:\/\/www.bazaroslavany.cz\/index.php?rest_route=%2Fwp%2Fv2%2Fproduct_cat&post=8846"},{"taxonomy":"product_tag","embeddable":true,"href":"https:\/\/www.bazaroslavany.cz\/index.php?rest_route=%2Fwp%2Fv2%2Fproduct_tag&post=8846"}],"curies":[{"name":"wp","href":"https:\/\/api.w.org\/{rel}","templated":true}]}}