{"id":8908,"date":"2020-08-09T13:56:32","date_gmt":"2020-08-09T11:56:32","guid":{"rendered":"https:\/\/www.bazaroslavany.cz\/?post_type=product&#038;p=8908"},"modified":"2023-10-05T16:04:23","modified_gmt":"2023-10-05T14:04:23","slug":"motor-leopard-lbp3660-2-5d-kv3800-4-pol-brushless-motor","status":"publish","type":"product","link":"https:\/\/www.bazaroslavany.cz\/?product=motor-leopard-lbp3660-2-5d-kv3800-4-pol-brushless-motor","title":{"rendered":"Motor LEOPARD LBP3660-2.5D KV3800 4-pol. Brushless Motor"},"content":{"rendered":"<p><strong>LEOPARD LBP3660-2.5D KV3800 4-polov\u00fd Inrunner Brushless Motor s \u00fapravou chlazen\u00ed pro rychlostn\u00ed lod\u011b a \u010dluny. Nepou\u017eit\u00fd. Leopard motory p\u0159edstavuj\u00ed nejnov\u011bj\u0161\u00ed technologii st\u0159\u00eddav\u00fdch motor\u016f. V motorech jsou uplatn\u011bny v\u0161echny nejnov\u011bj\u0161\u00ed inovace v kombinaci s nejlep\u0161\u00edmi materi\u00e1ly, kter\u00e9 jsou k dispozici na trhu.<\/strong><\/p>\n<p><strong>Vlastnosti:<\/strong><\/p>\n<p><strong>vysok\u00e1 \u00fa\u010dinnost, vysok\u00fd v\u00fdkon, vysok\u00fd to\u010div\u00fd moment<\/strong><\/p>\n<p><strong>neodymov\u00fd magnet rotoru<\/strong><\/p>\n<p><strong>v\u00fdkonn\u00e9 4-polov\u00e9 proveden\u00ed<\/strong><\/p>\n<p><strong>nizk\u00fd proud napr\u00e1zdno<\/strong><\/p>\n<p><strong>minim\u00e1ln\u00ed \u00fadr\u017eba motoru<\/strong><\/p>\n<p><strong>v\u00fdborn\u00fd odvod tepla, vysok\u00e1 odolnost proti p\u0159et\u00ed\u017een\u00ed<\/strong><\/p>\n<p><strong>dlouh\u00e1 \u017eivotnost<\/strong><\/p>\n<p><strong>n\u00edzk\u00e1 provozn\u00ed teplota<\/strong><\/p>\n<p><strong>n\u00edzk\u00e9 elektromagnetick\u00e9 ru\u0161en\u00ed<\/strong><\/p>\n<p><strong>velmi kvalitn\u00ed lo\u017eiska<\/strong><\/p>\n<p><strong>schopn\u00e9 vysok\u00e9ho p\u0159et\u00ed\u017een\u00ed na kr\u00e1tkou dobu<\/strong><\/p>\n<p><strong>pou\u017eit\u00ed: 1\/8 scale buggy, 500-650mm lod\u011b, 80mm EDF<\/strong><\/p>\n<p><strong>Specifikace:<\/strong><\/p>\n<p><strong>Max. prodov\u00e9 zat\u00ed\u017een\u00ed 112A<\/strong><br \/>\n<strong>Max. nap\u011bt\u00ed 15V<\/strong><br \/>\n<strong>Max. v\u00fdkon 1700W<\/strong><br \/>\n<strong>Kv (RPM\/V) 3800Kv<\/strong><br \/>\n<strong>Pr\u016fm\u011br h\u0159\u00eddele 5mm<\/strong><br \/>\n<strong>D\u00e9lka h\u0159\u00eddele 16mm<\/strong><br \/>\n<strong>V\u00e1ha 240g<\/strong><br \/>\n<strong>Rozm\u011bry 36x60mm<\/strong><br \/>\n<strong>Pou\u017eit\u00ed 1\/8 Buggy, 500-650mm Boat, 80mm EDF<\/strong><\/p>\n","protected":false},"excerpt":{"rendered":"<p><strong>LEOPARD LBP3660-2.5D KV3800 4-polov\u00fd Inrunner Brushless Motor s \u00fapravou chlazen\u00ed pro rychlostn\u00ed lod\u011b a \u010dluny. Nepou\u017eit\u00fd. Leopard motory p\u0159edstavuj\u00ed nejnov\u011bj\u0161\u00ed technologii st\u0159\u00eddav\u00fdch motor\u016f. V motorech jsou uplatn\u011bny v\u0161echny nejnov\u011bj\u0161\u00ed inovace v kombinaci s nejlep\u0161\u00edmi materi\u00e1ly, kter\u00e9 jsou k dispozici na trhu.<\/strong><\/p>\n<p><strong>Vlastnosti:<\/strong><\/p>\n<p><strong>vysok\u00e1 \u00fa\u010dinnost, vysok\u00fd v\u00fdkon, vysok\u00fd to\u010div\u00fd moment<\/strong><\/p>\n<p><strong>neodymov\u00fd magnet rotoru<\/strong><\/p>\n<p><strong>v\u00fdkonn\u00e9 4-polov\u00e9 proveden\u00ed<\/strong><\/p>\n<p><strong>nizk\u00fd proud napr\u00e1zdno<\/strong><\/p>\n<p><strong>minim\u00e1ln\u00ed \u00fadr\u017eba motoru<\/strong><\/p>\n<p><strong>v\u00fdborn\u00fd odvod tepla, vysok\u00e1 odolnost proti p\u0159et\u00ed\u017een\u00ed<\/strong><\/p>\n<p><strong>dlouh\u00e1 \u017eivotnost<\/strong><\/p>\n<p><strong>n\u00edzk\u00e1 provozn\u00ed teplota<\/strong><\/p>\n<p><strong>n\u00edzk\u00e9 elektromagnetick\u00e9 ru\u0161en\u00ed<\/strong><\/p>\n<p><strong>velmi kvalitn\u00ed lo\u017eiska<\/strong><\/p>\n<p><strong>schopn\u00e9 vysok\u00e9ho p\u0159et\u00ed\u017een\u00ed na kr\u00e1tkou dobu<\/strong><\/p>\n<p><strong>pou\u017eit\u00ed: 1\/8 scale buggy, 500-650mm lod\u011b, 80mm EDF<\/strong><\/p>\n<p><strong>Specifikace:<\/strong><\/p>\n<p><strong>Max. prodov\u00e9 zat\u00ed\u017een\u00ed 112A<\/strong><br \/>\n<strong>Max. nap\u011bt\u00ed 15V<\/strong><br \/>\n<strong>Max. v\u00fdkon 1700W<\/strong><br \/>\n<strong>Kv (RPM\/V) 3800Kv<\/strong><br \/>\n<strong>Pr\u016fm\u011br h\u0159\u00eddele 5mm<\/strong><br \/>\n<strong>D\u00e9lka h\u0159\u00eddele 16mm<\/strong><br \/>\n<strong>V\u00e1ha 240g<\/strong><br \/>\n<strong>Rozm\u011bry 36x60mm<\/strong><br \/>\n<strong>Pou\u017eit\u00ed 1\/8 Buggy, 500-650mm Boat, 80mm EDF<\/strong><\/p>\n","protected":false},"featured_media":8909,"comment_status":"open","ping_status":"closed","template":"","meta":{"ngg_post_thumbnail":0},"product_brand":[],"product_cat":[148],"product_tag":[],"class_list":{"0":"post-8908","1":"product","2":"type-product","3":"status-publish","4":"has-post-thumbnail","6":"product_cat-rc_modely","7":"product_shipping_class-zas","8":"pa_baleni-neoriginalni-baleni","10":"first","11":"outofstock","12":"sale","13":"sold-individually","14":"shipping-taxable","15":"purchasable","16":"product-type-simple"},"_links":{"self":[{"href":"https:\/\/www.bazaroslavany.cz\/index.php?rest_route=\/wp\/v2\/product\/8908","targetHints":{"allow":["GET"]}}],"collection":[{"href":"https:\/\/www.bazaroslavany.cz\/index.php?rest_route=\/wp\/v2\/product"}],"about":[{"href":"https:\/\/www.bazaroslavany.cz\/index.php?rest_route=\/wp\/v2\/types\/product"}],"replies":[{"embeddable":true,"href":"https:\/\/www.bazaroslavany.cz\/index.php?rest_route=%2Fwp%2Fv2%2Fcomments&post=8908"}],"wp:featuredmedia":[{"embeddable":true,"href":"https:\/\/www.bazaroslavany.cz\/index.php?rest_route=\/wp\/v2\/media\/8909"}],"wp:attachment":[{"href":"https:\/\/www.bazaroslavany.cz\/index.php?rest_route=%2Fwp%2Fv2%2Fmedia&parent=8908"}],"wp:term":[{"taxonomy":"product_brand","embeddable":true,"href":"https:\/\/www.bazaroslavany.cz\/index.php?rest_route=%2Fwp%2Fv2%2Fproduct_brand&post=8908"},{"taxonomy":"product_cat","embeddable":true,"href":"https:\/\/www.bazaroslavany.cz\/index.php?rest_route=%2Fwp%2Fv2%2Fproduct_cat&post=8908"},{"taxonomy":"product_tag","embeddable":true,"href":"https:\/\/www.bazaroslavany.cz\/index.php?rest_route=%2Fwp%2Fv2%2Fproduct_tag&post=8908"}],"curies":[{"name":"wp","href":"https:\/\/api.w.org\/{rel}","templated":true}]}}