{"id":8917,"date":"2020-08-09T14:36:08","date_gmt":"2020-08-09T12:36:08","guid":{"rendered":"https:\/\/www.bazaroslavany.cz\/?post_type=product&#038;p=8917"},"modified":"2023-10-05T15:57:43","modified_gmt":"2023-10-05T13:57:43","slug":"nikon-1-v1-s-objektivy-a-veskerym-prislusenstvim","status":"publish","type":"product","link":"https:\/\/www.bazaroslavany.cz\/?product=nikon-1-v1-s-objektivy-a-veskerym-prislusenstvim","title":{"rendered":"NIKON 1 V1 se z\u00e1kladn\u00edm objektivem 10-30 a ve\u0161ker\u00fdm p\u0159\u00edslu\u0161enstv\u00edm."},"content":{"rendered":"<p><strong>Fotoapar\u00e1t NIKON 1 V1 se z\u00e1ladn\u00edm objektivem 10-30 a p\u0159\u00edslu\u0161enstv\u00edm v\u010detn\u011b nab\u00edje\u010dky batrie a syst\u00e9mov\u00e9ho blesku plus filtry a d\u00e1lkov\u00e1 spou\u0161\u0165 dle vyobrazen\u00ed na fotk\u00e1ch&#8230; Perfektn\u00ed stav nov\u00e9ho p\u0159\u00edstroje i objektivu, bez zn\u00e1mek pou\u017eit\u00ed. Je mo\u017en\u00e9 n\u00e1b\u00eddnout t\u00e9\u017e jednotliv\u011b &#8211; Blesk -2000,- K\u010d , Fotoapar\u00e1t t\u011blo bez gripu a objektivu &#8211; 3200,- K\u010d , Fotoapar\u00e1t t\u011blo bez gripu se z\u00e1kladn\u00edm objektivem 10-30 &#8211; 3800,- K\u010d , Samostatn\u00fd Grip &#8211; 800,- K\u010d, D\u00e1lkov\u00e1 spou\u0161\u0165 &#8211; 100,- K\u010d.<\/strong><\/p>\n","protected":false},"excerpt":{"rendered":"<p><strong>Fotoapar\u00e1t NIKON 1 V1 se z\u00e1ladn\u00edm objektivem 10-30 a p\u0159\u00edslu\u0161enstv\u00edm v\u010detn\u011b nab\u00edje\u010dky batrie a syst\u00e9mov\u00e9ho blesku plus filtry a d\u00e1lkov\u00e1 spou\u0161\u0165 dle vyobrazen\u00ed na fotk\u00e1ch&#8230; Perfektn\u00ed stav nov\u00e9ho p\u0159\u00edstroje i objektivu, bez zn\u00e1mek pou\u017eit\u00ed. Je mo\u017en\u00e9 n\u00e1b\u00eddnout t\u00e9\u017e jednotliv\u011b &#8211; Blesk -2000,- K\u010d , Fotoapar\u00e1t t\u011blo bez gripu a objektivu &#8211; 3200,- K\u010d , Fotoapar\u00e1t t\u011blo bez gripu se z\u00e1kladn\u00edm objektivem 10-30 &#8211; 3800,- K\u010d , Samostatn\u00fd Grip &#8211; 800,- K\u010d, D\u00e1lkov\u00e1 spou\u0161\u0165 &#8211; 100,- K\u010d.<\/strong><\/p>\n","protected":false},"featured_media":8918,"comment_status":"open","ping_status":"closed","template":"","meta":{"ngg_post_thumbnail":0},"product_brand":[],"product_cat":[159],"product_tag":[],"class_list":{"0":"post-8917","1":"product","2":"type-product","3":"status-publish","4":"has-post-thumbnail","6":"product_cat-foto-a-video","7":"product_shipping_class-zas","8":"pa_baleni-kompletni","9":"pa_baleni-neoriginalni-baleni","11":"first","12":"outofstock","13":"sale","14":"shipping-taxable","15":"purchasable","16":"product-type-simple"},"_links":{"self":[{"href":"https:\/\/www.bazaroslavany.cz\/index.php?rest_route=\/wp\/v2\/product\/8917","targetHints":{"allow":["GET"]}}],"collection":[{"href":"https:\/\/www.bazaroslavany.cz\/index.php?rest_route=\/wp\/v2\/product"}],"about":[{"href":"https:\/\/www.bazaroslavany.cz\/index.php?rest_route=\/wp\/v2\/types\/product"}],"replies":[{"embeddable":true,"href":"https:\/\/www.bazaroslavany.cz\/index.php?rest_route=%2Fwp%2Fv2%2Fcomments&post=8917"}],"wp:featuredmedia":[{"embeddable":true,"href":"https:\/\/www.bazaroslavany.cz\/index.php?rest_route=\/wp\/v2\/media\/8918"}],"wp:attachment":[{"href":"https:\/\/www.bazaroslavany.cz\/index.php?rest_route=%2Fwp%2Fv2%2Fmedia&parent=8917"}],"wp:term":[{"taxonomy":"product_brand","embeddable":true,"href":"https:\/\/www.bazaroslavany.cz\/index.php?rest_route=%2Fwp%2Fv2%2Fproduct_brand&post=8917"},{"taxonomy":"product_cat","embeddable":true,"href":"https:\/\/www.bazaroslavany.cz\/index.php?rest_route=%2Fwp%2Fv2%2Fproduct_cat&post=8917"},{"taxonomy":"product_tag","embeddable":true,"href":"https:\/\/www.bazaroslavany.cz\/index.php?rest_route=%2Fwp%2Fv2%2Fproduct_tag&post=8917"}],"curies":[{"name":"wp","href":"https:\/\/api.w.org\/{rel}","templated":true}]}}