{"id":9069,"date":"2020-12-29T13:16:32","date_gmt":"2020-12-29T12:16:32","guid":{"rendered":"https:\/\/www.bazaroslavany.cz\/?post_type=product&#038;p=9069"},"modified":"2023-10-05T15:47:25","modified_gmt":"2023-10-05T13:47:25","slug":"renault-clio-2003-1-2-16v-clima","status":"publish","type":"product","link":"https:\/\/www.bazaroslavany.cz\/?product=renault-clio-2003-1-2-16v-clima","title":{"rendered":"Renault Clio 2003 1.2 16V Clima"},"content":{"rendered":"<p><strong>Automobil Renault Clio II 1.2\/16V, benzin, 5 rychl. rok v\u00fdroby 2003, najeto poctiv\u00fdch 211700 km, 3 majitel ve velmi dobr\u00e9m stavu bez koroze, nehavarovan\u00fd, udr\u017eovan\u00fd. STK platn\u00e1 do 10\/2021. Motor servisovan\u00fd a udr\u017eovan\u00fd, 11\/2020 nov\u00e9 brzdy (kotou\u010de a desky), 10\/2020 olej a olej filtr, 10\/2020 prachov\u00fd a kabinov\u00fd filtr, 12\/2020 nov\u00e9 sv\u00ed\u010dky Denso, kabely ke sv\u00ed\u010dk\u00e1m a c\u00edvka. V\u00fdbava ALU kola orig. Renault a pneu Michelin (letn\u00ed), zimn\u00ed plechov\u00e1 kola v\u010detn\u011b pneu, 4x airbag, zrc\u00e1tka v elektrice, elektrick\u00e9 stahovan\u00ed p\u0159edn\u00edch oken, klimatizace maual i auto, p\u0159edn\u00ed a zadn\u00ed mlhovky, zadn\u00ed d\u011blen\u00e1 sedadla, p\u0159edn\u00ed sedadla v\u00fd\u0161kov\u011b regulovateln\u00e1, nastaviteln\u00fd volant, centr\u00e1ln\u00ed zamyk\u00e1n\u00ed i kl\u00ed\u010dek, imobilizer, rezerva, hever, kl\u00ed\u010d na kola, bezpe\u010dnostn\u00ed \u0161rouby kol, l\u00e9k\u00e1rni\u010dka, troj\u00faheln\u00edk, orig. autoradio + LG-LAC5900RN . Auto p\u0159ipraven\u00e9 na sezonu. Spolehliv\u00fd bezprobl\u00e9mov\u00fd a \u00fasporn\u00fd v\u016fz, spot\u0159eba 5-6l\/100km.<\/strong><\/p>\n","protected":false},"excerpt":{"rendered":"<p><strong>Automobil Renault Clio II 1.2\/16V, benzin, 5 rychl. rok v\u00fdroby 2003, najeto poctiv\u00fdch 211700 km, 3 majitel ve velmi dobr\u00e9m stavu bez koroze, nehavarovan\u00fd, udr\u017eovan\u00fd. STK platn\u00e1 do 10\/2021. Motor servisovan\u00fd a udr\u017eovan\u00fd, 11\/2020 nov\u00e9 brzdy (kotou\u010de a desky), 10\/2020 olej a olej filtr, 10\/2020 prachov\u00fd a kabinov\u00fd filtr, 12\/2020 nov\u00e9 sv\u00ed\u010dky Denso, kabely ke sv\u00ed\u010dk\u00e1m a c\u00edvka. V\u00fdbava ALU kola orig. Renault a pneu Michelin (letn\u00ed), zimn\u00ed plechov\u00e1 kola v\u010detn\u011b pneu, 4x airbag, zrc\u00e1tka v elektrice, elektrick\u00e9 stahovan\u00ed p\u0159edn\u00edch oken, klimatizace maual i auto, p\u0159edn\u00ed a zadn\u00ed mlhovky, zadn\u00ed d\u011blen\u00e1 sedadla, p\u0159edn\u00ed sedadla v\u00fd\u0161kov\u011b regulovateln\u00e1, nastaviteln\u00fd volant, centr\u00e1ln\u00ed zamyk\u00e1n\u00ed i kl\u00ed\u010dek, imobilizer, rezerva, hever, kl\u00ed\u010d na kola, bezpe\u010dnostn\u00ed \u0161rouby kol, l\u00e9k\u00e1rni\u010dka, troj\u00faheln\u00edk, orig. autoradio + LG-LAC5900RN . Auto p\u0159ipraven\u00e9 na sezonu. Spolehliv\u00fd bezprobl\u00e9mov\u00fd a \u00fasporn\u00fd v\u016fz, spot\u0159eba 5-6l\/100km.<\/strong><\/p>\n","protected":false},"featured_media":9070,"comment_status":"open","ping_status":"closed","template":"","meta":{"ngg_post_thumbnail":0},"product_brand":[],"product_cat":[160],"product_tag":[],"class_list":{"0":"post-9069","1":"product","2":"type-product","3":"status-publish","4":"has-post-thumbnail","6":"product_cat-osobni-automobily","7":"product_shipping_class-oo","9":"first","10":"outofstock","11":"sale","12":"sold-individually","13":"shipping-taxable","14":"purchasable","15":"product-type-simple"},"_links":{"self":[{"href":"https:\/\/www.bazaroslavany.cz\/index.php?rest_route=\/wp\/v2\/product\/9069","targetHints":{"allow":["GET"]}}],"collection":[{"href":"https:\/\/www.bazaroslavany.cz\/index.php?rest_route=\/wp\/v2\/product"}],"about":[{"href":"https:\/\/www.bazaroslavany.cz\/index.php?rest_route=\/wp\/v2\/types\/product"}],"replies":[{"embeddable":true,"href":"https:\/\/www.bazaroslavany.cz\/index.php?rest_route=%2Fwp%2Fv2%2Fcomments&post=9069"}],"wp:featuredmedia":[{"embeddable":true,"href":"https:\/\/www.bazaroslavany.cz\/index.php?rest_route=\/wp\/v2\/media\/9070"}],"wp:attachment":[{"href":"https:\/\/www.bazaroslavany.cz\/index.php?rest_route=%2Fwp%2Fv2%2Fmedia&parent=9069"}],"wp:term":[{"taxonomy":"product_brand","embeddable":true,"href":"https:\/\/www.bazaroslavany.cz\/index.php?rest_route=%2Fwp%2Fv2%2Fproduct_brand&post=9069"},{"taxonomy":"product_cat","embeddable":true,"href":"https:\/\/www.bazaroslavany.cz\/index.php?rest_route=%2Fwp%2Fv2%2Fproduct_cat&post=9069"},{"taxonomy":"product_tag","embeddable":true,"href":"https:\/\/www.bazaroslavany.cz\/index.php?rest_route=%2Fwp%2Fv2%2Fproduct_tag&post=9069"}],"curies":[{"name":"wp","href":"https:\/\/api.w.org\/{rel}","templated":true}]}}