{"id":9104,"date":"2021-04-08T22:21:33","date_gmt":"2021-04-08T20:21:33","guid":{"rendered":"https:\/\/www.bazaroslavany.cz\/?post_type=product&#038;p=9104"},"modified":"2023-10-05T15:42:41","modified_gmt":"2023-10-05T13:42:41","slug":"2-kusy-navijak-tica-sportera-sr-5007r","status":"publish","type":"product","link":"https:\/\/www.bazaroslavany.cz\/?product=2-kusy-navijak-tica-sportera-sr-5007r","title":{"rendered":"Navij\u00e1k TICA Sportera SR 5007R"},"content":{"rendered":"<p><strong>Navij\u00e1k TICA Sportera SR 5007R<\/strong><\/p>\n<p><strong>7 precizn\u00edch kuli\u010dkov\u00fdch lo\u017eisek<\/strong><br \/>\n<strong>spolehliv\u00e1 pru\u017eina p\u0159eklap\u011b\u010de<\/strong><br \/>\n<strong>po\u010d\u00edta\u010dem konstruovan\u00fd vyv\u00e1\u017een\u00fd rotor, uzp\u016fsoben\u00fd k minimalizaci vibrac\u00ed<\/strong><br \/>\n<strong>Zadn\u00ed nastaviteln\u00e1 brzda, P\u0159edn\u00ed bojov\u00e1 brzda<\/strong><br \/>\n<strong>OWC syst\u00e9m pohotov\u011b zabra\u0148uj\u00edc\u00ed zp\u011btn\u00e9mu chodu (one way clutch)<\/strong><br \/>\n<strong>antizkrutov\u00e1 rolni\u010dka osazen\u00e1 miniaturn\u00edm kuli\u010dkov\u00fdm lo\u017eiskem<\/strong><br \/>\n<strong>oboustrann\u011b m\u011bniteln\u00e1 kli\u010dka<\/strong><br \/>\n<strong>antikorozn\u00ed ocelov\u00e1 krytka p\u0159eklap\u011b\u010de pota\u017een\u00e1 titanem<\/strong><br \/>\n<strong>hlavn\u00ed h\u0159\u00eddel z nerezav\u011bj\u00edc\u00ed oceli<\/strong><br \/>\n<strong>jemn\u011b nastaviteln\u00e1 volnob\u011b\u017en\u00e1 brzda (BAIT RUNNER)<\/strong><br \/>\n<strong>protizkrutov\u00fd rotor<\/strong><br \/>\n<strong>\u0161nekov\u00fd syst\u00e9m h\u0159\u00eddele<\/strong><br \/>\n<strong>k\u0159\u00ed\u017eov\u00fd syst\u00e9m nav\u00edjen\u00ed<\/strong><br \/>\n<strong>K navij\u00e1ku n\u00e1v\u00edc 2 n\u00e1hradn\u00ed kovov\u00e9 orig. c\u00edvky<\/strong><\/p>\n<p><strong>Parametry :<\/strong><\/p>\n<p><strong>p\u0159evodov\u00fd pom\u011br 4,3:1<\/strong><br \/>\n<strong>v\u00e1ha cca 635 g<\/strong><br \/>\n<strong>Zcela nov\u00e9 nepou\u017eit\u00e9 (komplet se dv\u011bma n\u00e1hradn\u00edma orig. c\u00edvkama).<\/strong><\/p>\n","protected":false},"excerpt":{"rendered":"<p><strong>Navij\u00e1k TICA Sportera SR 5007R<\/strong><\/p>\n<p><strong>7 precizn\u00edch kuli\u010dkov\u00fdch lo\u017eisek<\/strong><br \/>\n<strong>spolehliv\u00e1 pru\u017eina p\u0159eklap\u011b\u010de<\/strong><br \/>\n<strong>po\u010d\u00edta\u010dem konstruovan\u00fd vyv\u00e1\u017een\u00fd rotor, uzp\u016fsoben\u00fd k minimalizaci vibrac\u00ed<\/strong><br \/>\n<strong>Zadn\u00ed nastaviteln\u00e1 brzda, P\u0159edn\u00ed bojov\u00e1 brzda<\/strong><br \/>\n<strong>OWC syst\u00e9m pohotov\u011b zabra\u0148uj\u00edc\u00ed zp\u011btn\u00e9mu chodu (one way clutch)<\/strong><br \/>\n<strong>antizkrutov\u00e1 rolni\u010dka osazen\u00e1 miniaturn\u00edm kuli\u010dkov\u00fdm lo\u017eiskem<\/strong><br \/>\n<strong>oboustrann\u011b m\u011bniteln\u00e1 kli\u010dka<\/strong><br \/>\n<strong>antikorozn\u00ed ocelov\u00e1 krytka p\u0159eklap\u011b\u010de pota\u017een\u00e1 titanem<\/strong><br \/>\n<strong>hlavn\u00ed h\u0159\u00eddel z nerezav\u011bj\u00edc\u00ed oceli<\/strong><br \/>\n<strong>jemn\u011b nastaviteln\u00e1 volnob\u011b\u017en\u00e1 brzda (BAIT RUNNER)<\/strong><br \/>\n<strong>protizkrutov\u00fd rotor<\/strong><br \/>\n<strong>\u0161nekov\u00fd syst\u00e9m h\u0159\u00eddele<\/strong><br \/>\n<strong>k\u0159\u00ed\u017eov\u00fd syst\u00e9m nav\u00edjen\u00ed<\/strong><br \/>\n<strong>K navij\u00e1ku n\u00e1v\u00edc 2 n\u00e1hradn\u00ed kovov\u00e9 orig. c\u00edvky<\/strong><\/p>\n<p><strong>Parametry :<\/strong><\/p>\n<p><strong>p\u0159evodov\u00fd pom\u011br 4,3:1<\/strong><br \/>\n<strong>v\u00e1ha cca 635 g<\/strong><br \/>\n<strong>Zcela nov\u00e9 nepou\u017eit\u00e9 (komplet se dv\u011bma n\u00e1hradn\u00edma orig. c\u00edvkama).<\/strong><\/p>\n","protected":false},"featured_media":9105,"comment_status":"open","ping_status":"closed","template":"","meta":{"ngg_post_thumbnail":0},"product_brand":[],"product_cat":[27],"product_tag":[],"class_list":{"0":"post-9104","1":"product","2":"type-product","3":"status-publish","4":"has-post-thumbnail","6":"product_cat-rybarske-potreby","7":"product_shipping_class-zas","8":"pa_baleni-kompletni","9":"pa_baleni-nahradni-obal","10":"pa_baleni-neoriginalni-baleni","11":"pa_material-kov","13":"first","14":"outofstock","15":"sale","16":"sold-individually","17":"shipping-taxable","18":"purchasable","19":"product-type-simple"},"_links":{"self":[{"href":"https:\/\/www.bazaroslavany.cz\/index.php?rest_route=\/wp\/v2\/product\/9104","targetHints":{"allow":["GET"]}}],"collection":[{"href":"https:\/\/www.bazaroslavany.cz\/index.php?rest_route=\/wp\/v2\/product"}],"about":[{"href":"https:\/\/www.bazaroslavany.cz\/index.php?rest_route=\/wp\/v2\/types\/product"}],"replies":[{"embeddable":true,"href":"https:\/\/www.bazaroslavany.cz\/index.php?rest_route=%2Fwp%2Fv2%2Fcomments&post=9104"}],"wp:featuredmedia":[{"embeddable":true,"href":"https:\/\/www.bazaroslavany.cz\/index.php?rest_route=\/wp\/v2\/media\/9105"}],"wp:attachment":[{"href":"https:\/\/www.bazaroslavany.cz\/index.php?rest_route=%2Fwp%2Fv2%2Fmedia&parent=9104"}],"wp:term":[{"taxonomy":"product_brand","embeddable":true,"href":"https:\/\/www.bazaroslavany.cz\/index.php?rest_route=%2Fwp%2Fv2%2Fproduct_brand&post=9104"},{"taxonomy":"product_cat","embeddable":true,"href":"https:\/\/www.bazaroslavany.cz\/index.php?rest_route=%2Fwp%2Fv2%2Fproduct_cat&post=9104"},{"taxonomy":"product_tag","embeddable":true,"href":"https:\/\/www.bazaroslavany.cz\/index.php?rest_route=%2Fwp%2Fv2%2Fproduct_tag&post=9104"}],"curies":[{"name":"wp","href":"https:\/\/api.w.org\/{rel}","templated":true}]}}